{"id":88,"date":"2019-03-27T08:18:44","date_gmt":"2019-03-27T07:18:44","guid":{"rendered":"http:\/\/przedszkole.nowogrodbobrz.pl\/?page_id=88"},"modified":"2024-02-05T10:33:00","modified_gmt":"2024-02-05T09:33:00","slug":"kontakt","status":"publish","type":"page","link":"http:\/\/przedszkole.nowogrodbobrz.pl\/?page_id=88","title":{"rendered":"Kontakt"},"content":{"rendered":"<h2 style=\"text-align: center;\">Zapraszamy do kontaktu z nami<\/h2>\n<h2><span style=\"color: #99ccff;\">Dyrektor przedszkola<\/span><\/h2>\n<h5><span style=\"color: #808080;\">mgr in\u017c. Agnieszka Lech<\/span><\/h5>\n<p><strong>Tel. 699 955 102<\/strong><br \/>\n<em>a.lech@nowogrodbobrz.pl<\/em><\/p>\n<h2><span style=\"color: #99ccff;\">Przedszkole 1<\/span><\/h2>\n<p>ul. Szkolna 6<br \/>\n66-010 Nowogr\u00f3d Bobrza\u0144ski<\/p>\n<p><strong>Tel. 699 955 102<\/strong><br \/>\n<em>przedszkole@nowogrodbobrz.pl<\/em><\/p>\n<p><img fetchpriority=\"high\" decoding=\"async\" class=\"aligncenter\" src=\"http:\/\/przedszkole.nowogrodbobrz.pl\/wp-content\/uploads\/2019\/05\/P1-1024x549.jpg\" sizes=\"(max-width: 812px) 100vw, 812px\" srcset=\"http:\/\/przedszkole.nowogrodbobrz.pl\/wp-content\/uploads\/2019\/05\/P1-1024x549.jpg 1024w, http:\/\/przedszkole.nowogrodbobrz.pl\/wp-content\/uploads\/2019\/05\/P1-300x161.jpg 300w, http:\/\/przedszkole.nowogrodbobrz.pl\/wp-content\/uploads\/2019\/05\/P1-768x412.jpg 768w\" alt=\"Przedszkole w Nowogrodzie Bobrza\u0144skim, ul. Szkolna 6\" width=\"812\" height=\"435\" \/><\/p>\n<h2><span style=\"color: #99ccff;\">Przedszkole 2<\/span><\/h2>\n<p>ul. Ko\u015bciuszki 42<br \/>\n66-010 Nowogr\u00f3d Bobrza\u0144ski<\/p>\n<p><strong>Tel. 699 879 696<\/strong><br \/>\n<em>przedszkole2@nowogrodbobrz.pl<\/em><\/p>\n<p><img decoding=\"async\" class=\"aligncenter\" src=\"http:\/\/przedszkole.nowogrodbobrz.pl\/wp-content\/uploads\/2019\/05\/P2-1024x485.jpg\" sizes=\"(max-width: 812px) 100vw, 812px\" srcset=\"http:\/\/przedszkole.nowogrodbobrz.pl\/wp-content\/uploads\/2019\/05\/P2-1024x485.jpg 1024w, http:\/\/przedszkole.nowogrodbobrz.pl\/wp-content\/uploads\/2019\/05\/P2-300x142.jpg 300w, http:\/\/przedszkole.nowogrodbobrz.pl\/wp-content\/uploads\/2019\/05\/P2-768x364.jpg 768w\" alt=\"Przedszkole w Nowogrodzie Bobrza\u0144skim, ul. Ko\u015bciuszki 42\" width=\"812\" height=\"385\" \/><\/p>\n","protected":false},"excerpt":{"rendered":"<p>Zapraszamy do kontaktu z nami Dyrektor przedszkola mgr in\u017c. Agnieszka Lech Tel. 699 955 102 a.lech@nowogrodbobrz.pl Przedszkole 1 ul. Szkolna 6 66-010 Nowogr\u00f3d Bobrza\u0144ski Tel. 699 955 102 przedszkole@nowogrodbobrz.pl Przedszkole 2 ul. Ko\u015bciuszki 42 66-010 Nowogr\u00f3d Bobrza\u0144ski Tel. 699 879 696 przedszkole2@nowogrodbobrz.pl<\/p>\n","protected":false},"author":1,"featured_media":0,"parent":0,"menu_order":0,"comment_status":"closed","ping_status":"closed","template":"","meta":{"footnotes":""},"class_list":["post-88","page","type-page","status-publish","hentry"],"_links":{"self":[{"href":"http:\/\/przedszkole.nowogrodbobrz.pl\/index.php?rest_route=\/wp\/v2\/pages\/88","targetHints":{"allow":["GET"]}}],"collection":[{"href":"http:\/\/przedszkole.nowogrodbobrz.pl\/index.php?rest_route=\/wp\/v2\/pages"}],"about":[{"href":"http:\/\/przedszkole.nowogrodbobrz.pl\/index.php?rest_route=\/wp\/v2\/types\/page"}],"author":[{"embeddable":true,"href":"http:\/\/przedszkole.nowogrodbobrz.pl\/index.php?rest_route=\/wp\/v2\/users\/1"}],"replies":[{"embeddable":true,"href":"http:\/\/przedszkole.nowogrodbobrz.pl\/index.php?rest_route=%2Fwp%2Fv2%2Fcomments&post=88"}],"version-history":[{"count":38,"href":"http:\/\/przedszkole.nowogrodbobrz.pl\/index.php?rest_route=\/wp\/v2\/pages\/88\/revisions"}],"predecessor-version":[{"id":2435,"href":"http:\/\/przedszkole.nowogrodbobrz.pl\/index.php?rest_route=\/wp\/v2\/pages\/88\/revisions\/2435"}],"wp:attachment":[{"href":"http:\/\/przedszkole.nowogrodbobrz.pl\/index.php?rest_route=%2Fwp%2Fv2%2Fmedia&parent=88"}],"curies":[{"name":"wp","href":"https:\/\/api.w.org\/{rel}","templated":true}]}}