{"id":84,"date":"2019-03-27T08:17:07","date_gmt":"2019-03-27T07:17:07","guid":{"rendered":"http:\/\/przedszkole.nowogrodbobrz.pl\/?page_id=84"},"modified":"2022-02-04T13:03:14","modified_gmt":"2022-02-04T12:03:14","slug":"rodzice","status":"publish","type":"page","link":"http:\/\/przedszkole.nowogrodbobrz.pl\/?page_id=84","title":{"rendered":"Rada i regulamin"},"content":{"rendered":"\t\t<div data-elementor-type=\"wp-post\" data-elementor-id=\"84\" class=\"elementor elementor-84\">\n\t\t\t\t\t\t<section class=\"elementor-section elementor-top-section elementor-element elementor-element-ae4e7b8 elementor-section-boxed elementor-section-height-default elementor-section-height-default\" data-id=\"ae4e7b8\" data-element_type=\"section\" data-e-type=\"section\">\n\t\t\t\t\t\t<div class=\"elementor-container elementor-column-gap-default\">\n\t\t\t\t\t<div class=\"elementor-column elementor-col-100 elementor-top-column elementor-element elementor-element-23fbd7c\" data-id=\"23fbd7c\" data-element_type=\"column\" data-e-type=\"column\">\n\t\t\t<div class=\"elementor-widget-wrap elementor-element-populated\">\n\t\t\t\t\t\t<div class=\"elementor-element elementor-element-a627ef7 elementor-widget elementor-widget-heading\" data-id=\"a627ef7\" data-element_type=\"widget\" data-e-type=\"widget\" data-widget_type=\"heading.default\">\n\t\t\t\t<div class=\"elementor-widget-container\">\n\t\t\t\t\t<h2 class=\"elementor-heading-title elementor-size-default\">Rada Rodzic\u00f3w<\/h2>\t\t\t\t<\/div>\n\t\t\t\t<\/div>\n\t\t\t\t\t<\/div>\n\t\t<\/div>\n\t\t\t\t\t<\/div>\n\t\t<\/section>\n\t\t\t\t<section class=\"elementor-section elementor-top-section elementor-element elementor-element-5d1e845 elementor-section-boxed elementor-section-height-default elementor-section-height-default\" data-id=\"5d1e845\" data-element_type=\"section\" data-e-type=\"section\">\n\t\t\t\t\t\t<div class=\"elementor-container elementor-column-gap-default\">\n\t\t\t\t\t<div class=\"elementor-column elementor-col-100 elementor-top-column elementor-element elementor-element-a43783e\" data-id=\"a43783e\" data-element_type=\"column\" data-e-type=\"column\">\n\t\t\t<div class=\"elementor-widget-wrap elementor-element-populated\">\n\t\t\t\t\t\t<div class=\"elementor-element elementor-element-97b0a36 elementor-widget elementor-widget-spacer\" data-id=\"97b0a36\" data-element_type=\"widget\" data-e-type=\"widget\" data-widget_type=\"spacer.default\">\n\t\t\t\t<div class=\"elementor-widget-container\">\n\t\t\t\t\t\t\t<div class=\"elementor-spacer\">\n\t\t\t<div class=\"elementor-spacer-inner\"><\/div>\n\t\t<\/div>\n\t\t\t\t\t\t<\/div>\n\t\t\t\t<\/div>\n\t\t\t\t\t<\/div>\n\t\t<\/div>\n\t\t\t\t\t<\/div>\n\t\t<\/section>\n\t\t\t\t<section class=\"elementor-section elementor-top-section elementor-element elementor-element-0cb91a0 elementor-section-boxed elementor-section-height-default elementor-section-height-default\" data-id=\"0cb91a0\" data-element_type=\"section\" data-e-type=\"section\">\n\t\t\t\t\t\t<div class=\"elementor-container elementor-column-gap-default\">\n\t\t\t\t\t<div class=\"elementor-column elementor-col-100 elementor-top-column elementor-element elementor-element-a7397a2\" data-id=\"a7397a2\" data-element_type=\"column\" data-e-type=\"column\">\n\t\t\t<div class=\"elementor-widget-wrap elementor-element-populated\">\n\t\t\t\t\t\t<div class=\"elementor-element elementor-element-44921b9 elementor-widget elementor-widget-heading\" data-id=\"44921b9\" data-element_type=\"widget\" data-e-type=\"widget\" data-widget_type=\"heading.default\">\n\t\t\t\t<div class=\"elementor-widget-container\">\n\t\t\t\t\t<h5 class=\"elementor-heading-title elementor-size-default\">Przewodnicz\u0105ca Rady Rodzic\u00f3w - Urszula Marzec<\/h5>\t\t\t\t<\/div>\n\t\t\t\t<\/div>\n\t\t\t\t<div class=\"elementor-element elementor-element-bee5238 elementor-widget elementor-widget-spacer\" data-id=\"bee5238\" data-element_type=\"widget\" data-e-type=\"widget\" data-widget_type=\"spacer.default\">\n\t\t\t\t<div class=\"elementor-widget-container\">\n\t\t\t\t\t\t\t<div class=\"elementor-spacer\">\n\t\t\t<div class=\"elementor-spacer-inner\"><\/div>\n\t\t<\/div>\n\t\t\t\t\t\t<\/div>\n\t\t\t\t<\/div>\n\t\t\t\t\t<\/div>\n\t\t<\/div>\n\t\t\t\t\t<\/div>\n\t\t<\/section>\n\t\t\t\t<section class=\"elementor-section elementor-top-section elementor-element elementor-element-027d07a elementor-section-boxed elementor-section-height-default elementor-section-height-default\" data-id=\"027d07a\" data-element_type=\"section\" data-e-type=\"section\">\n\t\t\t\t\t\t<div class=\"elementor-container elementor-column-gap-default\">\n\t\t\t\t\t<div class=\"elementor-column elementor-col-100 elementor-top-column elementor-element elementor-element-bf6d93d\" data-id=\"bf6d93d\" data-element_type=\"column\" data-e-type=\"column\">\n\t\t\t<div class=\"elementor-widget-wrap elementor-element-populated\">\n\t\t\t\t\t\t<div class=\"elementor-element elementor-element-e43f072 elementor-widget elementor-widget-accordion\" data-id=\"e43f072\" data-element_type=\"widget\" data-e-type=\"widget\" data-widget_type=\"accordion.default\">\n\t\t\t\t<div class=\"elementor-widget-container\">\n\t\t\t\t\t\t\t<div class=\"elementor-accordion\">\n\t\t\t\t\t\t\t<div class=\"elementor-accordion-item\">\n\t\t\t\t\t<div id=\"elementor-tab-title-2391\" class=\"elementor-tab-title\" data-tab=\"1\" role=\"button\" aria-controls=\"elementor-tab-content-2391\" aria-expanded=\"false\">\n\t\t\t\t\t\t\t\t\t\t\t\t\t<span class=\"elementor-accordion-icon elementor-accordion-icon-left\" aria-hidden=\"true\">\n\t\t\t\t\t\t\t\t\t\t\t\t\t\t\t<span class=\"elementor-accordion-icon-closed\"><i class=\"fas fa-plus-circle\"><\/i><\/span>\n\t\t\t\t\t\t\t\t<span class=\"elementor-accordion-icon-opened\"><i class=\"fas fa-minus-circle\"><\/i><\/span>\n\t\t\t\t\t\t\t\t\t\t\t\t\t\t<\/span>\n\t\t\t\t\t\t\t\t\t\t\t\t<a class=\"elementor-accordion-title\" tabindex=\"0\">Sk\u0142ad Rady Rodzic\u00f3w na rok 2020\/2021 - ul. Szkolna 6<\/a>\n\t\t\t\t\t<\/div>\n\t\t\t\t\t<div id=\"elementor-tab-content-2391\" class=\"elementor-tab-content elementor-clearfix\" data-tab=\"1\" role=\"region\" aria-labelledby=\"elementor-tab-title-2391\"><h6>Gr. I&nbsp; 3-latki<\/h6>\n<ul>\n<li>\n<p class=\"Standard\"><span lang=\"EN-US\">Kamila Grzelec<br><\/span><\/p>\n<\/li>\n<li>\n<p class=\"Standard\">Ma\u0142gorzata Miko\u0142ajczyk<br><\/p>\n<\/li>\n<li>Angelina W\u00f3jcik<br><\/li>\n<\/ul>\n<h6>Gr. II 4-latki<\/h6>\n<ul>\n<li>Aleksandra Buganik<br><\/li>\n<li>Izabela D\u0119bi\u0144ska<br><\/li>\n<li>Anna Kowalczyk<br><\/li>\n<\/ul>\n<h6>Gr. III 5-latki<\/h6>\n<ul>\n<li>Aleksandra Biel<br><\/li>\n<li>Urszula Marzec<br><\/li>\n<li>Ma\u0142gorzata Michalak<br><\/li>\n<\/ul>\n<h6>Gr. IV 6-latki<\/h6>\n<ul>\n<li>Sylwia Kowalska<br><\/li><li>Ma\u0142gorzata Pierzcha\u0142a<br><\/li>\n<li>Dominika Sitek<br><\/li>\n<\/ul><\/div>\n\t\t\t\t<\/div>\n\t\t\t\t\t\t\t<div class=\"elementor-accordion-item\">\n\t\t\t\t\t<div id=\"elementor-tab-title-2392\" class=\"elementor-tab-title\" data-tab=\"2\" role=\"button\" aria-controls=\"elementor-tab-content-2392\" aria-expanded=\"false\">\n\t\t\t\t\t\t\t\t\t\t\t\t\t<span class=\"elementor-accordion-icon elementor-accordion-icon-left\" aria-hidden=\"true\">\n\t\t\t\t\t\t\t\t\t\t\t\t\t\t\t<span class=\"elementor-accordion-icon-closed\"><i class=\"fas fa-plus-circle\"><\/i><\/span>\n\t\t\t\t\t\t\t\t<span class=\"elementor-accordion-icon-opened\"><i class=\"fas fa-minus-circle\"><\/i><\/span>\n\t\t\t\t\t\t\t\t\t\t\t\t\t\t<\/span>\n\t\t\t\t\t\t\t\t\t\t\t\t<a class=\"elementor-accordion-title\" tabindex=\"0\">Sk\u0142ad Rady Rodzic\u00f3w na rok 2020\/2021 - ul. Ko\u015bciuszki 42<\/a>\n\t\t\t\t\t<\/div>\n\t\t\t\t\t<div id=\"elementor-tab-content-2392\" class=\"elementor-tab-content elementor-clearfix\" data-tab=\"2\" role=\"region\" aria-labelledby=\"elementor-tab-title-2392\"><h6>Gr. I 3-latki<\/h6>\n<ul>\n<li>\n<p class=\"Standard\"><span lang=\"EN-US\">Anna Fr\u0105ckowiak<br><\/span><\/p>\n<\/li>\n<li>Natalia Jesionka<br><\/li>\n<li>Ernest Luze\u0144czyk<\/li><\/ul>\n<h6>Gr. II 4-latki<\/h6>\n<ul>\n<li>\n<p class=\"Standard\"><span lang=\"EN-US\">Ma\u0142gorzata Habura-Winnicka<br><\/span><\/p>\n<\/li>\n<li>\n<p class=\"Standard\">Julita Witkiewicz<br><\/p>\n<\/li>\n<li>\n<p class=\"Standard\">Natalia Najdek<br><\/p>\n<\/li>\n<\/ul>\n<h6>Gr. III 5-latki<\/h6>\n<ul>\n<li>Katarzyna Pawlak<br><\/li>\n<li>Iwona Marcinowska-Bublis<br><\/li>\n<li>Piotr \u0141ukasiewicz<br><\/li>\n<\/ul>\n<h6>Gr. IV 6-latki<\/h6>\n<ul>\n<li>Anna Zapotoczna<br><\/li>\n<li>Joanna Bonik<br><\/li>\n<li>Agata Kaczmarek<br><\/li>\n<li>Ewelina Remi\u0144<br><\/li>\n<\/ul>\n<h6>Gr. V 6-latki<\/h6>\n<ul>\n<li>Krystyna Piekarska<br><\/li>\n<li>Paulina Zielem<br><\/li>\n<li>Jolanta Podd\u0119bska<br><\/li>\n<\/ul><\/div>\n\t\t\t\t<\/div>\n\t\t\t\t\t\t\t\t<\/div>\n\t\t\t\t\t\t<\/div>\n\t\t\t\t<\/div>\n\t\t\t\t<div class=\"elementor-element elementor-element-933c2b9 elementor-widget elementor-widget-spacer\" data-id=\"933c2b9\" data-element_type=\"widget\" data-e-type=\"widget\" data-widget_type=\"spacer.default\">\n\t\t\t\t<div class=\"elementor-widget-container\">\n\t\t\t\t\t\t\t<div class=\"elementor-spacer\">\n\t\t\t<div class=\"elementor-spacer-inner\"><\/div>\n\t\t<\/div>\n\t\t\t\t\t\t<\/div>\n\t\t\t\t<\/div>\n\t\t\t\t\t<\/div>\n\t\t<\/div>\n\t\t\t\t\t<\/div>\n\t\t<\/section>\n\t\t\t\t<section class=\"elementor-section elementor-top-section elementor-element elementor-element-c92c63f elementor-section-full_width elementor-section-height-default elementor-section-height-default\" data-id=\"c92c63f\" data-element_type=\"section\" data-e-type=\"section\">\n\t\t\t\t\t\t<div class=\"elementor-container elementor-column-gap-default\">\n\t\t\t\t\t<div class=\"elementor-column elementor-col-100 elementor-top-column elementor-element elementor-element-157d709\" data-id=\"157d709\" data-element_type=\"column\" data-e-type=\"column\">\n\t\t\t<div class=\"elementor-widget-wrap elementor-element-populated\">\n\t\t\t\t\t\t<div class=\"elementor-element elementor-element-de32023 elementor-widget elementor-widget-heading\" data-id=\"de32023\" data-element_type=\"widget\" data-e-type=\"widget\" data-widget_type=\"heading.default\">\n\t\t\t\t<div class=\"elementor-widget-container\">\n\t\t\t\t\t<h2 class=\"elementor-heading-title elementor-size-default\">Regulamin Rady Rodzic\u00f3w<\/h2>\t\t\t\t<\/div>\n\t\t\t\t<\/div>\n\t\t\t\t\t<\/div>\n\t\t<\/div>\n\t\t\t\t\t<\/div>\n\t\t<\/section>\n\t\t\t\t<section class=\"elementor-section elementor-top-section elementor-element elementor-element-6de480a elementor-section-boxed elementor-section-height-default elementor-section-height-default\" data-id=\"6de480a\" data-element_type=\"section\" data-e-type=\"section\">\n\t\t\t\t\t\t<div class=\"elementor-container elementor-column-gap-default\">\n\t\t\t\t\t<div class=\"elementor-column elementor-col-100 elementor-top-column elementor-element elementor-element-9378bc7\" data-id=\"9378bc7\" data-element_type=\"column\" data-e-type=\"column\">\n\t\t\t<div class=\"elementor-widget-wrap elementor-element-populated\">\n\t\t\t\t\t\t<div class=\"elementor-element elementor-element-baf1a55 elementor-widget elementor-widget-text-editor\" data-id=\"baf1a55\" data-element_type=\"widget\" data-e-type=\"widget\" data-widget_type=\"text-editor.default\">\n\t\t\t\t<div class=\"elementor-widget-container\">\n\t\t\t\t\t\t\t\t\t<h4 class=\"MsoNormal\" style=\"text-align: center;\" align=\"center\"><span style=\"font-size: 14.0pt;\">Regulamin Rady Rodzic\u00f3w<br \/>Miejsko Gminnego Przedszkola Samorz\u0105dowego<br \/>w Nowogrodzie Bobrza\u0144skim<\/span><\/h4><h5 class=\"MsoNormal\" style=\"text-align: center;\" align=\"center\">I. Postanowienia og\u00f3lne<\/h5><h6 style=\"text-align: center;\">\u00a7 1.<\/h6><ol><li>Rada Rodzic\u00f3w Miejsko Gminnego Przedszkola Samorz\u0105dowego w Nowogrodzie Bobrza\u0144skim, zwana dalej \u201eRad\u0105\u201d reprezentuje og\u00f3\u0142 rodzic\u00f3w wychowank\u00f3w.<\/li><li>Rada dzia\u0142a na podstawie Ustawy z dnia 10 maja 2018 r. Prawo O\u015bwiatowe, Statutu Przedszkola i niniejszego Regulaminu Rady Rodzic\u00f3w.<\/li><\/ol><h6 style=\"text-align: center;\">\u00a7 2.<\/h6><ol><li>Rada Rodzic\u00f3w liczy tylu cz\u0142onk\u00f3w, ile jest cz\u0142onk\u00f3w Rad Grup w przedszkolu.<\/li><li>Kadencja Rady trwa rok szkolny.<\/li><li>W uzasadnionych przypadkach, je\u015bli w czasie kadencji, ze sk\u0142adu Rady Rodzic\u00f3w ub\u0119dzie wi\u0119cej ni\u017c 1\/3 cz\u0142onk\u00f3w, dopuszcza si\u0119 zorganizowanie wybor\u00f3w uzupe\u0142niaj\u0105cych sk\u0142ad Rady.<\/li><li>Decyzje o przeprowadzeniu wybor\u00f3w uzupe\u0142niaj\u0105cych podejmuje Rada w g\u0142osowaniu jawnym.<\/li><\/ol><h6 style=\"text-align: center;\">\u00a7 3.<\/h6><p>Rada Rodzic\u00f3w mo\u017ce tworzy\u0107 komisje i zespo\u0142y zadaniowe maj\u0105ce charakter opiniuj\u0105co-doradczy.<\/p><h5 class=\"MsoNormal\" style=\"text-align: center;\" align=\"center\">II. Wybory do Rady.<\/h5><h6 style=\"text-align: center;\">\u00a7 4.<\/h6><ol><li>Wybory do Rady, przeprowadzane s\u0105 corocznie, we wrze\u015bniu, na pierwszym zebraniu rodzic\u00f3w ka\u017cdego oddzia\u0142u.<\/li><li>Rodzice dzieci z danej grupy, zgromadzeni na zebraniu, wybieraj\u0105 spo\u015br\u00f3d siebie Rad\u0119 oddzia\u0142ow\u0105.<\/li><li>Zg\u0142oszeni kandydaci musz\u0105 wyrazi\u0107 zgod\u0119 na kandydowanie.<\/li><li>Wybrani zostaj\u0105 Ci kandydaci, kt\u00f3rzy uzyskali 50% oraz jeden g\u0142os uczestnik\u00f3w prawomocnego zebrania.<\/li><li>Przy r\u00f3wnej ilo\u015bci uzyskanych g\u0142os\u00f3w zarz\u0105dza si\u0119 ponowne g\u0142osowanie.<\/li><li>Rada oddzia\u0142owa powinna liczy\u0107 nie mniej ni\u017c 3 osoby. O liczebno\u015bci rady oddzia\u0142owej decyduj\u0105 rodzice danej grupy.<\/li><li>Do udzia\u0142u w wyborach uprawnieni s\u0105 rodzice dzieci danej grupy. Jedno dziecko mo\u017ce reprezentowa\u0107 w wyborach tylko jeden rodzic.<\/li><\/ol><h6 style=\"text-align: center;\">\u00a7 5.<\/h6><p>Cz\u0142onkowie z poszczeg\u00f3lnych Rad oddzia\u0142owych wchodz\u0105 w sk\u0142ad Rady Rodzic\u00f3w.<\/p><h6 style=\"text-align: center;\">\u00a7 6.<\/h6><p>Obwieszczenie wynik\u00f3w wybor\u00f3w, podanie do wiadomo\u015bci sk\u0142adu Rady Rodzic\u00f3w i zwo\u0142anie pierwszego posiedzenia Rady nale\u017cy do obowi\u0105zk\u00f3w Dyrektora.<\/p><h5 class=\"MsoNormal\" style=\"text-align: center;\" align=\"center\">III. W\u0142adze Rady Rodzic\u00f3w<\/h5><h6 style=\"text-align: center;\">\u00a7 7.<\/h6><ol><li>Rada Rodzic\u00f3w wybiera ze swojego grona Prezydium Rady Rodzic\u00f3w.<\/li><li>W sk\u0142ad Prezydium wchodz\u0105:<ul><li>Przewodnicz\u0105cy Rady Rodzic\u00f3w,<\/li><li>3 Zast\u0119pc\u00f3w przewodnicz\u0105cego Rady Rodzic\u00f3w.<\/li><\/ul><\/li><li>Rada Rodzic\u00f3w powo\u0142uje tak\u017ce 2 osobow\u0105 Komisj\u0119 rewizyjn\u0105, w sk\u0142ad kt\u00f3rej nie mog\u0105 wchodzi\u0107 osoby wybrane do Prezydium Rady Rodzic\u00f3w.<\/li><li>Pozosta\u0142e osoby wchodz\u0105ce w sk\u0142ad Rady Rodzic\u00f3w przedszkola s\u0105 jej cz\u0142onkami.<\/li><\/ol><h6 style=\"text-align: center;\">\u00a7 8.<\/h6><ol><li>Przewodnicz\u0105cy Prezydium Rady Rodzic\u00f3w organizuje prace Rady, zwo\u0142uje i prowadzi posiedzenia Rady, reprezentuje Rad\u0119 na zewn\u0105trz.<\/li><li>Zast\u0119pcy przewodnicz\u0105cego Rady przejmuj\u0105 obowi\u0105zki przewodnicz\u0105cego w czasie jego nieobecno\u015bci.<\/li><li>Komisja Rewizyjna czuwa nad prawid\u0142owym wykorzystaniem \u015brodk\u00f3w funduszu Rady Rodzic\u00f3w.<\/li><\/ol><h5 class=\"MsoNormal\" style=\"text-align: center;\" align=\"center\">IV. Posiedzenia Rady<\/h5><h6 style=\"text-align: center;\">\u00a7 9.<\/h6><ol><li>Posiedzenia Rady Rodzic\u00f3w odbywaj\u0105 si\u0119 w terminach ustalonych w rocznym harmonogramie.<\/li><li>Poza terminami ustalonymi w harmonogramie, posiedzenia Rady zwo\u0142uje przewodnicz\u0105cy powiadamiaj\u0105c cz\u0142onk\u00f3w Rady co najmniej 7 dni przed terminem posiedzenia. W szczeg\u00f3lnie uzasadnionych przypadkach przewodnicz\u0105cy mo\u017ce zwo\u0142a\u0107 posiedzenie Rady w trybie pilnym, bez zachowania 7 \u2013 dniowego terminu.<\/li><li>Posiedzenia Rady mog\u0105 by\u0107 r\u00f3wnie\u017c zwo\u0142ywane w ka\u017cdym czasie, z inicjatywy 1\/3 sk\u0142adu Rady oraz na wniosek Dyrektora lub Rady Pedagogicznej.<\/li><\/ol><h6 style=\"text-align: center;\">\u00a7 10.<\/h6><ol><li>Przygotowanie posiedzenia Rady Rodzic\u00f3w jest obowi\u0105zkiem przewodnicz\u0105cego.<\/li><li>Posiedzenia Rady prowadzone s\u0105 przez przewodnicz\u0105cego.<\/li><li>W posiedzeniach Rady mo\u017ce bra\u0107 udzia\u0142, z g\u0142osem doradczym, dyrektor lub inne osoby zaproszone przez przewodnicz\u0105cego za zgod\u0105 lub na wniosek Rady.<\/li><li>Posiedzenia Rady s\u0105 wa\u017cne, o ile obecnych jest co najmniej po\u0142owa cz\u0142onk\u00f3w Rady.<\/li><\/ol><h6 style=\"text-align: center;\">\u00a7 11.<\/h6><ol><li>Posiedzenia Rady Rodzic\u00f3w s\u0105 protok\u00f3\u0142owane.<\/li><li>Protoko\u0142y posiedze\u0144 Rady s\u0105 przyjmowane przez Rad\u0119 w drodze g\u0142osowania na nast\u0119pnym posiedzeniu Rady.<\/li><\/ol><h5 class=\"MsoNormal\" style=\"text-align: center;\" align=\"center\">V. Podejmowanie uchwa\u0142<\/h5><h6 style=\"text-align: center;\">\u00a7 12.<\/h6><ol><li>Uchwa\u0142y Rady Rodzic\u00f3w podejmowane s\u0105 zwyk\u0142\u0105 wi\u0119kszo\u015bci\u0105 g\u0142os\u00f3w, w g\u0142osowaniu jawnym.<\/li><li>W sprawach personalnych, a tak\u017ce na formalny wniosek cz\u0142onk\u00f3w Rady, g\u0142osowanie odbywa si\u0119 w trybie tajnym.<\/li><\/ol><h6 style=\"text-align: center;\">\u00a7 13.<\/h6><p>Uchwa\u0142y Rady Rodzic\u00f3w numerowane s\u0105 w spos\u00f3b ci\u0105g\u0142y w danym roku szkolnym.<\/p><h6 style=\"text-align: center;\">\u00a7 14.<\/h6><p>Opinie Rady Rodzic\u00f3w wydawane s\u0105 w takim samym trybie jak uchwa\u0142y.<\/p><h5 class=\"MsoNormal\" style=\"text-align: center;\" align=\"center\">VI. Prawa i obowi\u0105zki cz\u0142onk\u00f3w Rady<\/h5><h6 style=\"text-align: center;\">\u00a7 15.<\/h6><ol><li>Cz\u0142onkowie Rady Rodzic\u00f3w maj\u0105 prawo do:<ul><li>dost\u0119pu do wszystkich informacji i dokument\u00f3w zwi\u0105zanych z organizacj\u0105 i przebiegiem procesu wychowawczo-dydaktyczno-opieku\u0144czego, poza informacjami i dokumentami uznanymi za poufne, lub dotycz\u0105cymi spraw personalnych,<\/li><li>wypowiadania swoich opinii we wszystkich sprawach przedszkola,<\/li><li>g\u0142osowania na r\u00f3wnych prawach, we wszystkich decyzjach podejmowanych przez Rad\u0119.<\/li><\/ul><\/li><li>Cz\u0142onkowie Rady maj\u0105 obowi\u0105zek:<ul><li>aktywnego uczestniczenia w posiedzeniach Rady,<\/li><li>nie ujawniania spraw poruszanych na posiedzeniach Rady, kt\u00f3re mog\u0105 narusza\u0107 dobro osobiste dzieci i ich rodzic\u00f3w, a tak\u017ce nauczycieli i innych pracownik\u00f3w przedszkola.<\/li><\/ul><\/li><\/ol><h5 class=\"MsoNormal\" style=\"text-align: center;\" align=\"center\">VII. Fundusze Rady<\/h5><h6 style=\"text-align: center;\">\u00a7 16.<\/h6><p>W celu wspierania dzia\u0142alno\u015bci statutowej przedszkola, Rada Rodzic\u00f3w mo\u017ce gromadzi\u0107 fundusze z dobrowolnych sk\u0142adek rodzic\u00f3w oraz innych \u017ar\u00f3de\u0142.<\/p><h6 style=\"text-align: center;\">\u00a7 17.<\/h6><ol><li>Szczeg\u00f3\u0142owe zasady wydatkowania funduszu ustala corocznie Rada Rodzic\u00f3w w preliminarzu bud\u017cetowym.<\/li><li>Rada Rodzic\u00f3w upowa\u017cnia Dyrektora Przedszkola do dysponowania tzw. \u201epogotowiem kasowym&#8221;.<\/li><li>Wysoko\u015b\u0107 kwoty, jak\u0105 mo\u017ce w razie potrzeby dysponowa\u0107 dyrektor ustalana jest na pierwszym zebraniu Rady Rodzic\u00f3w w danym roku szkolnym.<\/li><\/ol><h6 style=\"text-align: center;\">\u00a7 18.<\/h6><p>Pisemne wnioski o dodatkowe \u015brodki z funduszu Racy Rodzic\u00f3w mog\u0105 sk\u0142ada\u0107:<\/p><ul><li>Dyrektor Przedszkola<\/li><li>Rada Pedagogiczna.<\/li><\/ul><h6 style=\"text-align: center;\">\u00a7 19.<\/h6><ol><li>Rada ma wydzielone konta bankowe \u2013 osobne dla ka\u017cdego z przedszkoli.<\/li><li>\u015arodkami zgromadzonymi na kontach dysponuje Rada Rodzic\u00f3w poprzez upowa\u017cnione osoby z Prezydium Rady Rodzic\u00f3w.<\/li><\/ol><h5 class=\"MsoNormal\" style=\"text-align: center;\" align=\"center\">VIII. Postanowienia ko\u0144cowe<\/h5><h6 style=\"text-align: center;\">\u00a7 20.<\/h6><ol><li>Rada Rodzic\u00f3w pos\u0142uguje si\u0119 piecz\u0105tk\u0105 o tre\u015bci: Rada Rodzic\u00f3w Miejsko Gminne Przedszkole Samorz\u0105dowe w Nowogrodzie Bobrza\u0144skim.<\/li><li>Przewodnicz\u0105cy Rady Rodzic\u00f3w lub upowa\u017cniona osoba przekazuje przewodnicz\u0105cemu nowej Rady Rodzic\u00f3w wszystkie sprawy (\u0142\u0105cznie z finansami) zwi\u0105zane z dzia\u0142alno\u015bci\u0105 Rady Rodzic\u00f3w.<\/li><li>Decyzja dotycz\u0105ca ewentualnych zmian w regulaminie Rady Rodzic\u00f3w mo\u017ce by\u0107 podj\u0119ta wi\u0119kszo\u015bci\u0105 g\u0142os\u00f3w cz\u0142onk\u00f3w obecnych na zebraniu Rady Rodzic\u00f3w.<\/li><li>Regulamin obowi\u0105zuje wszystkich cz\u0142onk\u00f3w Rady Rodzic\u00f3w.<\/li><li>W celu wymiany informacji i wsp\u00f3\u0142dzia\u0142ania z organami przedszkola \u2013 Rada Rodzic\u00f3w zaprasza na swoje zebrania dyrektora przedszkola oraz inne osoby.<\/li><\/ol><p>Regulamin wchodzi w \u017cycie z dniem 15 stycznia 2020.<\/p><p>Przewodnicz\u0105cy Rady Rodzic\u00f3w<\/p>\t\t\t\t\t\t\t\t<\/div>\n\t\t\t\t<\/div>\n\t\t\t\t\t<\/div>\n\t\t<\/div>\n\t\t\t\t\t<\/div>\n\t\t<\/section>\n\t\t\t\t<\/div>\n\t\t","protected":false},"excerpt":{"rendered":"<p>Rada Rodzic\u00f3w Przewodnicz\u0105ca Rady Rodzic\u00f3w &#8211; Urszula Marzec Sk\u0142ad Rady Rodzic\u00f3w na rok 2020\/2021 &#8211; ul. Szkolna 6 Gr. I&nbsp; 3-latki Kamila Grzelec Ma\u0142gorzata Miko\u0142ajczyk Angelina W\u00f3jcik Gr. II 4-latki Aleksandra Buganik Izabela D\u0119bi\u0144ska Anna Kowalczyk Gr. III 5-latki Aleksandra Biel Urszula Marzec Ma\u0142gorzata Michalak Gr. IV 6-latki Sylwia Kowalska Ma\u0142gorzata Pierzcha\u0142a Dominika Sitek Sk\u0142ad [&hellip;]<\/p>\n","protected":false},"author":1,"featured_media":0,"parent":0,"menu_order":0,"comment_status":"closed","ping_status":"closed","template":"","meta":{"footnotes":""},"class_list":["post-84","page","type-page","status-publish","hentry"],"_links":{"self":[{"href":"http:\/\/przedszkole.nowogrodbobrz.pl\/index.php?rest_route=\/wp\/v2\/pages\/84","targetHints":{"allow":["GET"]}}],"collection":[{"href":"http:\/\/przedszkole.nowogrodbobrz.pl\/index.php?rest_route=\/wp\/v2\/pages"}],"about":[{"href":"http:\/\/przedszkole.nowogrodbobrz.pl\/index.php?rest_route=\/wp\/v2\/types\/page"}],"author":[{"embeddable":true,"href":"http:\/\/przedszkole.nowogrodbobrz.pl\/index.php?rest_route=\/wp\/v2\/users\/1"}],"replies":[{"embeddable":true,"href":"http:\/\/przedszkole.nowogrodbobrz.pl\/index.php?rest_route=%2Fwp%2Fv2%2Fcomments&post=84"}],"version-history":[{"count":45,"href":"http:\/\/przedszkole.nowogrodbobrz.pl\/index.php?rest_route=\/wp\/v2\/pages\/84\/revisions"}],"predecessor-version":[{"id":2166,"href":"http:\/\/przedszkole.nowogrodbobrz.pl\/index.php?rest_route=\/wp\/v2\/pages\/84\/revisions\/2166"}],"wp:attachment":[{"href":"http:\/\/przedszkole.nowogrodbobrz.pl\/index.php?rest_route=%2Fwp%2Fv2%2Fmedia&parent=84"}],"curies":[{"name":"wp","href":"https:\/\/api.w.org\/{rel}","templated":true}]}}