{"id":828,"date":"2019-10-02T20:40:57","date_gmt":"2019-10-02T18:40:57","guid":{"rendered":"http:\/\/przedszkole.nowogrodbobrz.pl\/?page_id=828"},"modified":"2021-09-07T10:43:03","modified_gmt":"2021-09-07T08:43:03","slug":"programy","status":"publish","type":"page","link":"http:\/\/przedszkole.nowogrodbobrz.pl\/?page_id=828","title":{"rendered":"Programy"},"content":{"rendered":"\t\t<div data-elementor-type=\"wp-page\" data-elementor-id=\"828\" class=\"elementor elementor-828\">\n\t\t\t\t\t\t<section class=\"elementor-section elementor-top-section elementor-element elementor-element-c16ed52 elementor-section-boxed elementor-section-height-default elementor-section-height-default\" data-id=\"c16ed52\" data-element_type=\"section\" data-e-type=\"section\">\n\t\t\t\t\t\t<div class=\"elementor-container elementor-column-gap-default\">\n\t\t\t\t\t<div class=\"elementor-column elementor-col-100 elementor-top-column elementor-element elementor-element-6bbf230\" data-id=\"6bbf230\" data-element_type=\"column\" data-e-type=\"column\">\n\t\t\t<div class=\"elementor-widget-wrap elementor-element-populated\">\n\t\t\t\t\t\t<div class=\"elementor-element elementor-element-43926f0 elementor-widget elementor-widget-heading\" data-id=\"43926f0\" data-element_type=\"widget\" data-e-type=\"widget\" data-widget_type=\"heading.default\">\n\t\t\t\t<div class=\"elementor-widget-container\">\n\t\t\t\t\t<h2 class=\"elementor-heading-title elementor-size-default\">Programy realizowane w roku szkolnym 2021\/2022<\/h2>\t\t\t\t<\/div>\n\t\t\t\t<\/div>\n\t\t\t\t\t<\/div>\n\t\t<\/div>\n\t\t\t\t\t<\/div>\n\t\t<\/section>\n\t\t\t\t<section class=\"elementor-section elementor-top-section elementor-element elementor-element-09c5e1f elementor-section-boxed elementor-section-height-default elementor-section-height-default\" data-id=\"09c5e1f\" data-element_type=\"section\" data-e-type=\"section\">\n\t\t\t\t\t\t<div class=\"elementor-container elementor-column-gap-default\">\n\t\t\t\t\t<div class=\"elementor-column elementor-col-100 elementor-top-column elementor-element elementor-element-b94817d\" data-id=\"b94817d\" data-element_type=\"column\" data-e-type=\"column\">\n\t\t\t<div class=\"elementor-widget-wrap elementor-element-populated\">\n\t\t\t\t\t\t<div class=\"elementor-element elementor-element-affe46c elementor-widget elementor-widget-text-editor\" data-id=\"affe46c\" data-element_type=\"widget\" data-e-type=\"widget\" data-widget_type=\"text-editor.default\">\n\t\t\t\t<div class=\"elementor-widget-container\">\n\t\t\t\t\t\t\t\t\t<ul><li><strong>Program wychowania przedszkolnego pt. \u201ePlaneta dzieci. Prawda, dobro, pi\u0119kno w \u015bwiecie warto\u015bci\u201d<\/strong>, autor Jolanta Wasilewska, Warszawa 2019, WSiP.<\/li><li><strong>Program wspomagania MGPS w Nowogrodzie Bobrza\u0144skim w zakresie rozwoju kompetencji kluczowych oraz umiej\u0119tno\u015bci uniwersalnych niezb\u0119dnych na rynku pracy &#8222;Kompetentny Przedszkolak&#8221;<\/strong> &#8211; program wewn\u0119trzny opracowany przez zesp\u00f3\u0142 nauczycieli MGPS w 2021r.<\/li><li><strong>Program adaptacji dziecka do przedszkola pt.: \u201eId\u0119 do przedszkola!!!\u201d<\/strong> &#8211; program wewn\u0119trzny opracowany przez zesp\u00f3\u0142 nauczycieli MGPS na rok 2021\/22<\/li><\/ul>\t\t\t\t\t\t\t\t<\/div>\n\t\t\t\t<\/div>\n\t\t\t\t\t<\/div>\n\t\t<\/div>\n\t\t\t\t\t<\/div>\n\t\t<\/section>\n\t\t\t\t<\/div>\n\t\t","protected":false},"excerpt":{"rendered":"<p>Programy realizowane w roku szkolnym 2021\/2022 Program wychowania przedszkolnego pt. \u201ePlaneta dzieci. Prawda, dobro, pi\u0119kno w \u015bwiecie warto\u015bci\u201d, autor Jolanta Wasilewska, Warszawa 2019, WSiP. Program wspomagania MGPS w Nowogrodzie Bobrza\u0144skim w zakresie rozwoju kompetencji kluczowych oraz umiej\u0119tno\u015bci uniwersalnych niezb\u0119dnych na rynku pracy &#8222;Kompetentny Przedszkolak&#8221; &#8211; program wewn\u0119trzny opracowany przez zesp\u00f3\u0142 nauczycieli MGPS w 2021r. Program [&hellip;]<\/p>\n","protected":false},"author":1,"featured_media":0,"parent":0,"menu_order":0,"comment_status":"closed","ping_status":"closed","template":"","meta":{"footnotes":""},"class_list":["post-828","page","type-page","status-publish","hentry"],"_links":{"self":[{"href":"http:\/\/przedszkole.nowogrodbobrz.pl\/index.php?rest_route=\/wp\/v2\/pages\/828","targetHints":{"allow":["GET"]}}],"collection":[{"href":"http:\/\/przedszkole.nowogrodbobrz.pl\/index.php?rest_route=\/wp\/v2\/pages"}],"about":[{"href":"http:\/\/przedszkole.nowogrodbobrz.pl\/index.php?rest_route=\/wp\/v2\/types\/page"}],"author":[{"embeddable":true,"href":"http:\/\/przedszkole.nowogrodbobrz.pl\/index.php?rest_route=\/wp\/v2\/users\/1"}],"replies":[{"embeddable":true,"href":"http:\/\/przedszkole.nowogrodbobrz.pl\/index.php?rest_route=%2Fwp%2Fv2%2Fcomments&post=828"}],"version-history":[{"count":7,"href":"http:\/\/przedszkole.nowogrodbobrz.pl\/index.php?rest_route=\/wp\/v2\/pages\/828\/revisions"}],"predecessor-version":[{"id":2002,"href":"http:\/\/przedszkole.nowogrodbobrz.pl\/index.php?rest_route=\/wp\/v2\/pages\/828\/revisions\/2002"}],"wp:attachment":[{"href":"http:\/\/przedszkole.nowogrodbobrz.pl\/index.php?rest_route=%2Fwp%2Fv2%2Fmedia&parent=828"}],"curies":[{"name":"wp","href":"https:\/\/api.w.org\/{rel}","templated":true}]}}