{"id":82,"date":"2019-03-27T08:16:46","date_gmt":"2019-03-27T07:16:46","guid":{"rendered":"http:\/\/przedszkole.nowogrodbobrz.pl\/?page_id=82"},"modified":"2022-02-04T12:31:10","modified_gmt":"2022-02-04T11:31:10","slug":"kadra","status":"publish","type":"page","link":"http:\/\/przedszkole.nowogrodbobrz.pl\/?page_id=82","title":{"rendered":"Kadra"},"content":{"rendered":"<h2>Kadra naszych plac\u00f3wek przedszkolnych<\/h2>\n<h4>Dyrektor<\/h4>\n<p><em><strong>mgr in\u017c. Agnieszka Lech<\/strong><\/em><\/p>\n<h4>Przedszkole 1<\/h4>\n<h5>Nauczyciele<\/h5>\n<p>mgr Natalia Balak &#8211; wychowawca. gr. I<br \/>\nmgr Monika Dziurd\u017a &#8211; wychowawca gr. II<br \/>\nmgr Dorota Wilk &#8211; wychowawca gr. III<br \/>\nmgr Iwona Berger &#8211; wychowawca gr. IV<br \/>\nmgr Danuta Jeremicz<br \/>\nmgr Karolina \u017buk<\/p>\n<h4>Przedszkole 2<\/h4>\n<h5>Nauczyciele<\/h5>\n<p>mgr Ma\u0142gorzata Hy\u017cy &#8211; wychowawca gr. I<br \/>\nmgr Aneta Ku\u017ami\u0144ska &#8211; wychowawca gr. II<br \/>\nmgr Ma\u0142gorzata Jesionka &#8211; wychowawca gr. III<br \/>\nmgr in\u017c. Magda Wiernowolska &#8211; wychowawca gr. IV<br \/>\nmgr Danuta Fr\u0105ckowiak &#8211; wychowawca gr. V<br \/>\nmgr Magdalena To\u015bko<br \/>\nmgr Marta S\u00f3s<\/p>\n<h5>Zaj\u0119cia dodatkowe<\/h5>\n<p>lic Dagmara \u0141ozi\u0144ska &#8211; j\u0119zyk angielski<br \/>\nmgr Barbara Nadskaku\u0142a-Ma\u0107kowiak &#8211; religia<\/p>\n<h5>Pomoc nauczyciela<\/h5>\n<p>Monika Przemy\u015bla\u0144ska<br \/>\nKarolina Janik<br \/>\nPaulina Flaum<br \/>\nAnna Majerska<\/p>\n<h5>Sekretarz<\/h5>\n<p>Marzena Sawicz<\/p>\n<h5>Kuchnia<\/h5>\n<p>Ewelina Durkiewicz<\/p>\n<h5>Pomoc nauczyciela<\/h5>\n<p>Joanna Bonik<br \/>\nMonika Czompa<br \/>\nMa\u0142gorzata Musia\u0142<br \/>\nJadwiga Soko\u0142owska<\/p>\n<h5>Intendentka<\/h5>\n<p>Agnieszka Osaczuk<br \/>\nMarzena Sawicz<\/p>\n<h5>Kuchnia<\/h5>\n<p>Anna Kulczycka<br \/>\nIrena Pankiewicz<\/p>\n<h5>Wsparcie techniczne<\/h5>\n<p>Emanuel Babiak<br \/>\nIreneusz Hnatu\u015bko<\/p>\n","protected":false},"excerpt":{"rendered":"<p>Kadra naszych plac\u00f3wek przedszkolnych Dyrektor mgr in\u017c. Agnieszka Lech Przedszkole 1 Nauczyciele mgr Natalia Balak &#8211; wychowawca. gr. I mgr Monika Dziurd\u017a &#8211; wychowawca gr. II mgr Dorota Wilk &#8211; wychowawca gr. III mgr Iwona Berger &#8211; wychowawca gr. IV mgr Danuta Jeremicz mgr Karolina \u017buk Przedszkole 2 Nauczyciele mgr Ma\u0142gorzata Hy\u017cy &#8211; wychowawca gr. [&hellip;]<\/p>\n","protected":false},"author":1,"featured_media":0,"parent":0,"menu_order":0,"comment_status":"closed","ping_status":"closed","template":"","meta":{"footnotes":""},"class_list":["post-82","page","type-page","status-publish","hentry"],"_links":{"self":[{"href":"http:\/\/przedszkole.nowogrodbobrz.pl\/index.php?rest_route=\/wp\/v2\/pages\/82","targetHints":{"allow":["GET"]}}],"collection":[{"href":"http:\/\/przedszkole.nowogrodbobrz.pl\/index.php?rest_route=\/wp\/v2\/pages"}],"about":[{"href":"http:\/\/przedszkole.nowogrodbobrz.pl\/index.php?rest_route=\/wp\/v2\/types\/page"}],"author":[{"embeddable":true,"href":"http:\/\/przedszkole.nowogrodbobrz.pl\/index.php?rest_route=\/wp\/v2\/users\/1"}],"replies":[{"embeddable":true,"href":"http:\/\/przedszkole.nowogrodbobrz.pl\/index.php?rest_route=%2Fwp%2Fv2%2Fcomments&post=82"}],"version-history":[{"count":45,"href":"http:\/\/przedszkole.nowogrodbobrz.pl\/index.php?rest_route=\/wp\/v2\/pages\/82\/revisions"}],"predecessor-version":[{"id":2142,"href":"http:\/\/przedszkole.nowogrodbobrz.pl\/index.php?rest_route=\/wp\/v2\/pages\/82\/revisions\/2142"}],"wp:attachment":[{"href":"http:\/\/przedszkole.nowogrodbobrz.pl\/index.php?rest_route=%2Fwp%2Fv2%2Fmedia&parent=82"}],"curies":[{"name":"wp","href":"https:\/\/api.w.org\/{rel}","templated":true}]}}