{"id":74,"date":"2019-03-27T08:15:14","date_gmt":"2019-03-27T07:15:14","guid":{"rendered":"http:\/\/przedszkole.nowogrodbobrz.pl\/?page_id=74"},"modified":"2022-02-14T12:59:31","modified_gmt":"2022-02-14T11:59:31","slug":"regulamin","status":"publish","type":"page","link":"http:\/\/przedszkole.nowogrodbobrz.pl\/?page_id=74","title":{"rendered":"Regulamin"},"content":{"rendered":"\t\t<div data-elementor-type=\"wp-post\" data-elementor-id=\"74\" class=\"elementor elementor-74\">\n\t\t\t\t\t\t<section class=\"elementor-section elementor-top-section elementor-element elementor-element-774341b elementor-section-boxed elementor-section-height-default elementor-section-height-default\" data-id=\"774341b\" data-element_type=\"section\" data-e-type=\"section\">\n\t\t\t\t\t\t<div class=\"elementor-container elementor-column-gap-default\">\n\t\t\t\t\t<div class=\"elementor-column elementor-col-100 elementor-top-column elementor-element elementor-element-2e8b591\" data-id=\"2e8b591\" data-element_type=\"column\" data-e-type=\"column\">\n\t\t\t<div class=\"elementor-widget-wrap elementor-element-populated\">\n\t\t\t\t\t\t<div class=\"elementor-element elementor-element-5e51fc4 elementor-widget elementor-widget-heading\" data-id=\"5e51fc4\" data-element_type=\"widget\" data-e-type=\"widget\" data-widget_type=\"heading.default\">\n\t\t\t\t<div class=\"elementor-widget-container\">\n\t\t\t\t\t<h2 class=\"elementor-heading-title elementor-size-default\">Regulamin \nMiejsko Gminnego Przedszkola Samorz\u0105dowego w Nowogrodzie Bobrza\u0144skim<\/h2>\t\t\t\t<\/div>\n\t\t\t\t<\/div>\n\t\t\t\t\t<\/div>\n\t\t<\/div>\n\t\t\t\t\t<\/div>\n\t\t<\/section>\n\t\t\t\t<section class=\"elementor-section elementor-top-section elementor-element elementor-element-89f4bbb elementor-section-boxed elementor-section-height-default elementor-section-height-default\" data-id=\"89f4bbb\" data-element_type=\"section\" data-e-type=\"section\">\n\t\t\t\t\t\t<div class=\"elementor-container elementor-column-gap-default\">\n\t\t\t\t\t<div class=\"elementor-column elementor-col-100 elementor-top-column elementor-element elementor-element-c370b8b\" data-id=\"c370b8b\" data-element_type=\"column\" data-e-type=\"column\">\n\t\t\t<div class=\"elementor-widget-wrap elementor-element-populated\">\n\t\t\t\t\t\t<div class=\"elementor-element elementor-element-1e2af2a elementor-widget elementor-widget-text-editor\" data-id=\"1e2af2a\" data-element_type=\"widget\" data-e-type=\"widget\" data-widget_type=\"text-editor.default\">\n\t\t\t\t<div class=\"elementor-widget-container\">\n\t\t\t\t\t\t\t\t\t<p>Podstawa prawna<\/p><ol><li>Ustawa o systemie o\u015bwiaty z dn. 7 wrze\u015bnia 1991r. z p\u00f3\u017aniejszymi zmianami.<\/li><li>Statut Miejsko Gminnego Przedszkola Samorz\u0105dowego w Nowogrodzie Bobrza\u0144skim.<\/li><\/ol><p>Ilekro\u0107 w regulaminie mowa jest o rodzicach \u2013 nale\u017cy rozumie\u0107 r\u00f3wnie\u017c pe\u0142noprawnych opiekun\u00f3w dziecka.<\/p><p>Przedszkole mie\u015bci si\u0119 w dw\u00f3ch budynkach, w obu obowi\u0105zuj\u0105 te same postanowienia regulaminu.<\/p><ol><li>Przedszkole czynne jest od poniedzia\u0142ku do pi\u0105tku w godzinach: 6.30 &#8211; 16.00 w roku szkolnym trwaj\u0105cym od wrze\u015bnia do sierpnia kolejnego roku kalendarzowego.<\/li><li>Rekrutacja do przedszkola odbywa si\u0119 co roku zgodnie z Zasadami Rekrutacji do Miejsko Gminnego Przedszkola Samorz\u0105dowego w Nowogrodzie Bobrza\u0144skim. Zasady rekrutacji stanowi <strong>za\u0142. nr 1<\/strong> niniejszego regulaminu.<\/li><li>Dzieci przyprowadzane s\u0105 do przedszkola do godz. 8.00 pod opiek\u0105 rodzic\u00f3w w szatni przygotowane do pobytu w przedszkolu i przekazane pod bezpo\u015bredni\u0105 opiek\u0119 nauczycielki. Natomiast odbierane zgodnie z deklarowanym przez rodzic\u00f3w wariantem godzinowym.<\/li><li>Dzieci przyprowadzane i odbierane s\u0105 przez rodzic\u00f3w lub inne osoby pe\u0142noletnie wskazane w karcie zg\u0142oszenia dziecka.<\/li><li>W okresach przewidywanej niskiej frekwencji (dni wolne od nauki szkolnej, ferie zimowe, przerwy \u015bwi\u0105teczne, wakacje letnie) przedszkole funkcjonuje w trybie \u201edy\u017curu\u201d dla dzieci rodzic\u00f3w pracuj\u0105cych. W tym okresie organizuje si\u0119 prac\u0119 przedszkola w oparciu o wcze\u015bniejsze deklaracje rodzic\u00f3w, dzieci przebywaj\u0105 w grupach \u0142\u0105czonych.<\/li><li>Dla dzieci realizuj\u0105cych roczne przygotowanie do podj\u0119cia nauki w szkole zamieszka\u0142ych na terenie gminy organizuje si\u0119 bezp\u0142atny, bezpieczny dow\u00f3z do przedszkola.<\/li><li>W przypadku, gdy po odebranie dziecka z przedszkola zg\u0142osi si\u0119 osoba wobec kt\u00f3rej zaistnieje podejrzenie, \u017ce jest pod wyp\u0142ywem alkoholu lub innych \u015brodk\u00f3w odurzaj\u0105cych, dziecko nie b\u0119dzie wydane, a nauczyciel ma prawo zawiadomi\u0107 o tym fakcie stosowne instytucje.<\/li><li>Op\u0142aty za pobyt dziecka w przedszkolu nale\u017cy dokonywa\u0107 na podany rachunek do dnia 15 ka\u017cdego miesi\u0105ca \u00a0nast\u0119puj\u0105cego po okresie rozliczeniowym. Kwot\u0119 nale\u017cn\u0105 do zap\u0142aty nalicza intendentka w oparciu o codzienny rejestr prowadzony przez wychowawc\u0119. Kwota pomniejszona jest \u00a0o warto\u015b\u0107 liczby dni nieobecnych. Intendentka\u00a0 podaje do wiadomo\u015bci rodzic\u00f3w informacj\u0119 o wysoko\u015bci op\u0142at za dany miesi\u0105c.<\/li><li>W przypadku przebywania dziecka w przedszkolu w wymiarze przekraczaj\u0105cym zadeklarowany przez rodzica wariant godzinowy naliczana jest op\u0142ata za ka\u017cd\u0105 dodatkow\u0105 godzin\u0119.<\/li><li>Zmiany wybranego wariantu godzinowego mo\u017ce dokona\u0107 rodzic<br \/>informuj\u0105c o tym fakcie na pi\u015bmie. Wszelkie zmiany dotycz\u0105ce godzinowych wariant\u00f3w s\u0105 dopuszczalne od pocz\u0105tku nowego miesi\u0105ca.<\/li><li>Istnieje mo\u017cliwo\u015b\u0107 zwolnienia z op\u0142aty za przedszkole w przypadku zg\u0142oszonej u intendentki, przed rozpocz\u0119ciem nowego miesi\u0105ca, planowanej d\u0142u\u017cszej nieobecno\u015bci dziecka w przedszkolu.<\/li><li>Rodzice znajduj\u0105cy si\u0119 w szczeg\u00f3lnie trudnej sytuacji materialnej mog\u0105 ubiega\u0107 si\u0119 o dofinansowanie pobytu dziecka w przedszkolu przez z\u0142o\u017cenie stosownych wniosk\u00f3w do Gminnego O\u015brodka Pomocy Spo\u0142ecznej w Nowogrodzie Bobrza\u0144skim.<\/li><li>Do przedszkola wolno przyprowadza\u0107 wy\u0142\u0105cznie dzieci zdrowe nie b\u0119d\u0105ce pod wp\u0142ywem podawanych dora\u017anie lek\u00f3w. Dzieci z widocznymi objawami choroby powinny by\u0107 najszybciej, jak to mo\u017cliwe, odebrane przez rodzic\u00f3w.<\/li><li>Na \u017cyczenie oraz za zgod\u0105 rodzic\u00f3w dzieci uczestnicz\u0105 w zaj\u0119ciach religii.<\/li><li>Dzieci ucz\u0119szczaj\u0105ce do przedszkola maj\u0105 zapewnione wszystkie prawa wynikaj\u0105ce z Konwencji Praw Dziecka.<\/li><li>Rodzice maj\u0105 prawo do uzyskiwania wszelkich informacji dotycz\u0105cych dziecka oraz do wyra\u017cania swoich opinii, uwag i propozycji zwi\u0105zanych z prac\u0105 przedszkola, kieruj\u0105c si\u0119 w pierwszej kolejno\u015bci do wychowawcy, a nast\u0119pnie innego nauczyciela lub dyrektora. Obowi\u0105zuje w tym zakresie dyskrecja i kultura osobista. Nie wyra\u017camy swoich sugestii w obecno\u015bci dzieci ani innych os\u00f3b postronnych.<\/li><li>W razie potrzeby rodzice mog\u0105 um\u00f3wi\u0107 si\u0119 na indywidualne spotkanie w sprawie dziecka.<\/li><li>Rodzice zobowi\u0105zani s\u0105 do regularnego zapoznawania si\u0119 z informacjami dotycz\u0105cymi bie\u017c\u0105cego funkcjonowania przedszkola.<\/li><li>Rodzice wyposa\u017caj\u0105 dziecko w przybory i materia\u0142y zgodnie z\u00a0 ustaleniami danej grupy.<\/li><li>Rodzice odpowiadaj\u0105 za odpowiedni do pory roku i pogody ubi\u00f3r (przez odpowiedni ubi\u00f3r nale\u017cy rozumie\u0107 wygodny i u\u0142atwiaj\u0105cy samoobs\u0142ug\u0119).<\/li><li>Za rzeczy warto\u015bciowe przynoszone przez dzieci przedszkole nie ponosi odpowiedzialno\u015bci.<\/li><li>Organem formalnym przedszkola reprezentuj\u0105cym Rodzic\u00f3w jest Rada Rodzic\u00f3w.<\/li><li>Dopuszcza si\u0119 czasowe zmiany w organizacji pracy przedszkola na wypadek szczeg\u00f3lnych okoliczno\u015bci og\u0142aszanych przez MEN z zachowaniem re\u017cimu bezpiecze\u0144stwa dzieci.<\/li><\/ol>\t\t\t\t\t\t\t\t<\/div>\n\t\t\t\t<\/div>\n\t\t\t\t\t<\/div>\n\t\t<\/div>\n\t\t\t\t\t<\/div>\n\t\t<\/section>\n\t\t\t\t<section class=\"elementor-section elementor-top-section elementor-element elementor-element-bc5d5ba elementor-section-boxed elementor-section-height-default elementor-section-height-default\" data-id=\"bc5d5ba\" data-element_type=\"section\" data-e-type=\"section\">\n\t\t\t\t\t\t<div class=\"elementor-container elementor-column-gap-default\">\n\t\t\t\t\t<div class=\"elementor-column elementor-col-100 elementor-top-column elementor-element elementor-element-c5a24ce\" data-id=\"c5a24ce\" data-element_type=\"column\" data-e-type=\"column\">\n\t\t\t<div class=\"elementor-widget-wrap elementor-element-populated\">\n\t\t\t\t\t\t<div class=\"elementor-element elementor-element-1b66648 elementor-widget-divider--view-line elementor-widget elementor-widget-divider\" data-id=\"1b66648\" data-element_type=\"widget\" data-e-type=\"widget\" data-widget_type=\"divider.default\">\n\t\t\t\t<div class=\"elementor-widget-container\">\n\t\t\t\t\t\t\t<div class=\"elementor-divider\">\n\t\t\t<span class=\"elementor-divider-separator\">\n\t\t\t\t\t\t<\/span>\n\t\t<\/div>\n\t\t\t\t\t\t<\/div>\n\t\t\t\t<\/div>\n\t\t\t\t\t<\/div>\n\t\t<\/div>\n\t\t\t\t\t<\/div>\n\t\t<\/section>\n\t\t\t\t<section class=\"elementor-section elementor-top-section elementor-element elementor-element-1bd74cf elementor-section-boxed elementor-section-height-default elementor-section-height-default\" data-id=\"1bd74cf\" data-element_type=\"section\" data-e-type=\"section\">\n\t\t\t\t\t\t<div class=\"elementor-container elementor-column-gap-default\">\n\t\t\t\t\t<div class=\"elementor-column elementor-col-100 elementor-top-column elementor-element elementor-element-bf63c98\" data-id=\"bf63c98\" data-element_type=\"column\" data-e-type=\"column\">\n\t\t\t<div class=\"elementor-widget-wrap elementor-element-populated\">\n\t\t\t\t\t\t<div class=\"elementor-element elementor-element-2874a37 elementor-widget elementor-widget-text-editor\" data-id=\"2874a37\" data-element_type=\"widget\" data-e-type=\"widget\" data-widget_type=\"text-editor.default\">\n\t\t\t\t<div class=\"elementor-widget-container\">\n\t\t\t\t\t\t\t\t\t<p>Za\u0142\u0105cznik nr 1 do regulaminu M.G.P.S. w Nowogrodzie Bobrza\u0144skim<\/p>\t\t\t\t\t\t\t\t<\/div>\n\t\t\t\t<\/div>\n\t\t\t\t\t<\/div>\n\t\t<\/div>\n\t\t\t\t\t<\/div>\n\t\t<\/section>\n\t\t\t\t<section class=\"elementor-section elementor-top-section elementor-element elementor-element-4ea0101 elementor-section-boxed elementor-section-height-default elementor-section-height-default\" data-id=\"4ea0101\" data-element_type=\"section\" data-e-type=\"section\">\n\t\t\t\t\t\t<div class=\"elementor-container elementor-column-gap-default\">\n\t\t\t\t\t<div class=\"elementor-column elementor-col-100 elementor-top-column elementor-element elementor-element-9d4bd7e\" data-id=\"9d4bd7e\" data-element_type=\"column\" data-e-type=\"column\">\n\t\t\t<div class=\"elementor-widget-wrap elementor-element-populated\">\n\t\t\t\t\t\t<div class=\"elementor-element elementor-element-fa06a64 elementor-widget elementor-widget-heading\" data-id=\"fa06a64\" data-element_type=\"widget\" data-e-type=\"widget\" data-widget_type=\"heading.default\">\n\t\t\t\t<div class=\"elementor-widget-container\">\n\t\t\t\t\t<h3 class=\"elementor-heading-title elementor-size-default\">ZASADY REKRUTACJI DO MIEJSKO GMINNEGO PRZEDSZKOLA SAMORZ\u0104DOWEGO\nW NOWOGRODZIE BOBRZA\u0143SKIM<\/h3>\t\t\t\t<\/div>\n\t\t\t\t<\/div>\n\t\t\t\t\t<\/div>\n\t\t<\/div>\n\t\t\t\t\t<\/div>\n\t\t<\/section>\n\t\t\t\t<section class=\"elementor-section elementor-top-section elementor-element elementor-element-55f11b6 elementor-section-boxed elementor-section-height-default elementor-section-height-default\" data-id=\"55f11b6\" data-element_type=\"section\" data-e-type=\"section\">\n\t\t\t\t\t\t<div class=\"elementor-container elementor-column-gap-default\">\n\t\t\t\t\t<div class=\"elementor-column elementor-col-100 elementor-top-column elementor-element elementor-element-89c5751\" data-id=\"89c5751\" data-element_type=\"column\" data-e-type=\"column\">\n\t\t\t<div class=\"elementor-widget-wrap elementor-element-populated\">\n\t\t\t\t\t\t<div class=\"elementor-element elementor-element-71b95e0 elementor-widget elementor-widget-text-editor\" data-id=\"71b95e0\" data-element_type=\"widget\" data-e-type=\"widget\" data-widget_type=\"text-editor.default\">\n\t\t\t\t<div class=\"elementor-widget-container\">\n\t\t\t\t\t\t\t\t\t<p>I. PODSTAWA PRAWNA<\/p>\n<p>Art. 154 ust.3 Prawo o\u015bwiatowe (Dz. U. 2020, poz. 910 z p\u00f3\u017an. zm.); Uchwa\u0142a nr XLIV\/246\/20117 Rady Miejskiej w Nowogrodzie Bobrza\u0144skim z dnia 16 maja 2017r. w sprawie okre\u015blenia kryteri\u00f3w drugiego etapu postepowania rekrutacyjnego do przedszkoli publicznych i oddzia\u0142\u00f3w przedszkolnych prowadzonych przez gmin\u0119 Nowogr\u00f3d Bobrza\u0144ski oraz okre\u015blenia dokument\u00f3w niezb\u0119dnych do potwierdzenia tych kryteri\u00f3w; Zarz\u0105dzenie nr 9\/2021 Burmistrza Nowogrodu Bobrza\u0144skiego z dnia 20 stycznia 2021r. w sprawie ustalenia termin\u00f3w przeprowadzania post\u0119powania rekrutacyjnego oraz post\u0119powania uzupe\u0142niaj\u0105cego na rok szkolny 2021\/2022 dla klas I publicznych szk\u00f3\u0142 podstawowych, publicznego przedszkola i oddzia\u0142\u00f3w przedszkolnych w publicznej szkole podstawowej, dla kt\u00f3rych organem prowadz\u0105cym jest gmina Nowogr\u00f3d Bobrza\u0144ski.<\/p>\n<p>II. ZASADY REKRUTACJI<\/p>\n<ol>\n<li style=\"list-style-type: none;\">\n<ol>\n<li style=\"list-style-type: none;\">\n<ol>\n<li>Do M.G.P.S w Nowogrodzie Bobrza\u0144skim przyjmowane s\u0105 dzieci w wieku 3 do 6 lat (rocznikowo dziecko ko\u0144cz\u0105ce 3 lata w roku kalendarzowym, w kt\u00f3rym rozpoczyna si\u0119 nab\u00f3r) wyj\u0105tki stanowi\u0105 odr\u0119bne przepisy.<\/li>\n<li>Post\u0119powanie rekrutacyjne jest prowadzone w oparciu o wniosek Rodzic\u00f3w zg\u0142oszenia dziecka do przedszkola.<\/li>\n<li>Ilekro\u0107 mowa jest o:\n<ul>\n<li><em>Rodzicach<\/em> nale\u017cny przez to rozumie\u0107 tak\u017ce prawnych opiekun\u00f3w dziecka oraz osoby sprawuj\u0105ce piecz\u0119 zast\u0119pcz\u0105,<\/li>\n<li><em>wielodzietno\u015bci rodziny<\/em> oznacza rodzin\u0119 wychowuj\u0105c\u0105 troje i wi\u0119cej dzieci,<\/li>\n<li><em>samotnym wychowaniu dziecka<\/em> mowa jest o wychowywaniu dziecka przez pann\u0119, kawalera, wdow\u0119, wdowca, rozwiedzion\u0105 b\u0105d\u017a pozostaj\u0105c\u0105 w separacji.<\/li>\n<\/ul>\n<\/li>\n<li>Terminy post\u0119powania rekrutacyjnego ustalane s\u0105 zgodnie z zarz\u0105dzeniem Burmistrza Nowogrodu Bobrza\u0144skiego na dany rok.<\/li>\n<li>Procedura rekrutacji obejmuje dzia\u0142ania:\n<ul>\n<li>z\u0142o\u017cenie wniosku o przyj\u0119cie dziecka do przedszkola wraz z innymi wyszczeg\u00f3lnionymi dokumentami&nbsp; w obowi\u0105zuj\u0105cym terminie,<\/li>\n<li>weryfikacja wniosk\u00f3w przez przedszkole,<\/li>\n<li>podanie do publicznej wiadomo\u015bci listy kandydat\u00f3w zakwalifikowanych i niezakwalifikowanych do przyj\u0119cia do przedszkola,<\/li>\n<li>potwierdzenie przez Rodzic\u00f3w woli posy\u0142ania dziecka do przedszkola w formie pisemnego o\u015bwiadczenia,<\/li>\n<li>podanie do publicznej wiadomo\u015bci ostatecznej listy dzieci przyj\u0119tych do przedszkola na dany rok szkolny.<\/li>\n<\/ul>\n<\/li>\n<li>W przypadku wi\u0119kszej liczby kandydat\u00f3w ni\u017c liczba miejsc w przedszkolu na pierwszym etapie post\u0119powania rekrutacyjnego brane s\u0105 pod uwag\u0119 \u0142\u0105cznie nast\u0119puj\u0105ce kryteria:<\/li>\n<li>\n<ul>\n<li>wielodzietno\u015b\u0107 rodziny,<\/li>\n<li>zatrudnienie obojga rodzic\u00f3w <\/li>\n<li>niepe\u0142nosprawno\u015b\u0107 kandydata,<\/li>\n<li>niepe\u0142nosprawno\u015b\u0107 jednego b\u0105d\u017a obojga rodzic\u00f3w kandydata,<\/li>\n<li>niepe\u0142nosprawno\u015b\u0107 rodze\u0144stwa kandydata,<\/li>\n<li>samotne wychowywanie kandydata w rodzinie,<\/li>\n<li>obj\u0119cie kandydata piecz\u0105 zast\u0119pcz\u0105.<\/li>\n<\/ul>\n<\/li>\n<li>Kryteria, o kt\u00f3rych mowa w pkt.6 maj\u0105 jednakow\u0105 warto\u015b\u0107 oznacza to, \u017ce za zaistnienie ka\u017cdego z w\/w zdarze\u0144 kandydatowi przyznaje si\u0119 10 punkt\u00f3w.<\/li>\n<li>W przypadku r\u00f3wnorz\u0119dno\u015bci wynik\u00f3w uzyskanych w I etapie rekrutacji kandydaci przechodz\u0105 do II etapu<\/li>\n<li>II etap weryfikacji kandydat\u00f3w obejmuje nast\u0119puj\u0105ce kryteria:\n<ul>\n<li>dziecko obojga rodzic\u00f3w pracuj\u0105cych \/ prowadz\u0105cych dzia\u0142alno\u015b\u0107 gospodarcz\u0105 \/ ucz\u0105cych si\u0119 stacjonarnie &#8211; 10 pkt.,<\/li>\n<li>czas pobytu dziecka w przedszkolu powy\u017cej 5 godzin dziennie &#8211; 9 pkt.,<\/li>\n<li>dziecko posiada rodze\u0144stwo korzystaj\u0105ce z opieki naszego przedszkola &#8211; 8 pkt.<\/li>\n<\/ul>\n<p>Dodatkowym kryterium rozstrzygaj\u0105cym przyj\u0119cie kandydata mo\u017ce by\u0107 historia wsp\u00f3\u0142pracy z rodzicami w przypadku, gdy wcze\u015bniej korzystali z us\u0142ug przedszkola, b\u0105d\u017a wychowankami przedszkola by\u0142o rodze\u0144stwo kandydata.<\/p>\n<\/li>\n<li>Karty zg\u0142oszenia dziecka do przedszkola oraz wnioski o kontynuacj\u0119 nauki&nbsp; Rodzice wype\u0142niaj\u0105 pod rygorem odpowiedzialno\u015bci karnej za sk\u0142adanie fa\u0142szywych o\u015bwiadcze\u0144.<\/li>\n<li>Przedszkole ma prawo za\u017c\u0105da\u0107 do\u0142\u0105czenia dokument\u00f3w potwierdzaj\u0105cych spe\u0142nienie kryteri\u00f3w takich jak:\n<ul>\n<li>orzeczenie o niepe\u0142nosprawno\u015bci,<\/li>\n<li>o\u015bwiadczenie o samotnym wychowywaniu,<\/li>\n<li>orzeczenie o niepe\u0142nosprawno\u015bci rodzica,<\/li>\n<li>wyrok s\u0105du o ustanowieniu pieczy zast\u0119pczej,<\/li>\n<li>za\u015bwiadczenie o zatrudnieniu.<\/li>\n<\/ul>\n<\/li>\n<li>Wyniki post\u0119powania rekrutacyjnego podaje si\u0119 do publicznej wiadomo\u015bci w postaci wywieszenia w og\u00f3lnie dost\u0119pnym miejscu na terenie przedszkola list kandydat\u00f3w zakwalifikowanych oraz niezakwalifikowanych.<\/li>\n<li>Od decyzji komisji kwalifikacyjnej przys\u0142uguje rodzicom odwo\u0142anie w nast\u0119puj\u0105cym trybie:\n<ul>\n<li>w ci\u0105gu 7 dni od podania do publicznej wiadomo\u015bci list kandydat\u00f3w rodzic ma prawo wyst\u0105pi\u0107 z wnioskiem o uzasadnienie niezakwalifikowania jego dziecka,<\/li>\n<li>uzasadnienie sporz\u0105dza si\u0119 w ci\u0105gu 5 dni od daty wyst\u0105pienia z wnioskiem przez rodzica kandydata,<\/li>\n<li>w terminie 7 dni od otrzymania uzasadnienia rodzic mo\u017cne wnie\u015b\u0107 do dyrektora przedszkola odwo\u0142anie od rozstrzygni\u0119cia komisji rekrutacyjnej,<\/li>\n<li>dyrektor rozpatruje odwo\u0142anie w terminie 7 dni.<\/li>\n<\/ul>\n<\/li>\n<li>Je\u017celi po przeprowadzeniu rekrutacji przedszkole nadal dysponuje wolnymi miejscami przeprowadza si\u0119 post\u0119powanie uzupe\u0142niaj\u0105ce.<\/li>\n<li>Z kolejnych etap\u00f3w rekrutacji komisja sporz\u0105dza protoko\u0142y, kt\u00f3re stanowi\u0105 podstaw\u0119 do ewentualnych odwo\u0142a\u0144.<\/li>\n<li>Dokumenty zg\u0142oszenia dziecka do przedszkola nale\u017cny z\u0142o\u017cy\u0107 w okre\u015blonym terminie, w sekretiza potwierdzeniem w\u0142asnor\u0119cznym podpisem.<\/li>\n<\/ol>\n<\/li>\n<\/ol>\n<\/li>\n<\/ol>\t\t\t\t\t\t\t\t<\/div>\n\t\t\t\t<\/div>\n\t\t\t\t\t<\/div>\n\t\t<\/div>\n\t\t\t\t\t<\/div>\n\t\t<\/section>\n\t\t\t\t<\/div>\n\t\t","protected":false},"excerpt":{"rendered":"<p>Regulamin Miejsko Gminnego Przedszkola Samorz\u0105dowego w Nowogrodzie Bobrza\u0144skim Podstawa prawna Ustawa o systemie o\u015bwiaty z dn. 7 wrze\u015bnia 1991r. z p\u00f3\u017aniejszymi zmianami. Statut Miejsko Gminnego Przedszkola Samorz\u0105dowego w Nowogrodzie Bobrza\u0144skim. Ilekro\u0107 w regulaminie mowa jest o rodzicach \u2013 nale\u017cy rozumie\u0107 r\u00f3wnie\u017c pe\u0142noprawnych opiekun\u00f3w dziecka. Przedszkole mie\u015bci si\u0119 w dw\u00f3ch budynkach, w obu obowi\u0105zuj\u0105 te same [&hellip;]<\/p>\n","protected":false},"author":1,"featured_media":0,"parent":0,"menu_order":0,"comment_status":"closed","ping_status":"closed","template":"","meta":{"footnotes":""},"class_list":["post-74","page","type-page","status-publish","hentry"],"_links":{"self":[{"href":"http:\/\/przedszkole.nowogrodbobrz.pl\/index.php?rest_route=\/wp\/v2\/pages\/74","targetHints":{"allow":["GET"]}}],"collection":[{"href":"http:\/\/przedszkole.nowogrodbobrz.pl\/index.php?rest_route=\/wp\/v2\/pages"}],"about":[{"href":"http:\/\/przedszkole.nowogrodbobrz.pl\/index.php?rest_route=\/wp\/v2\/types\/page"}],"author":[{"embeddable":true,"href":"http:\/\/przedszkole.nowogrodbobrz.pl\/index.php?rest_route=\/wp\/v2\/users\/1"}],"replies":[{"embeddable":true,"href":"http:\/\/przedszkole.nowogrodbobrz.pl\/index.php?rest_route=%2Fwp%2Fv2%2Fcomments&post=74"}],"version-history":[{"count":25,"href":"http:\/\/przedszkole.nowogrodbobrz.pl\/index.php?rest_route=\/wp\/v2\/pages\/74\/revisions"}],"predecessor-version":[{"id":2198,"href":"http:\/\/przedszkole.nowogrodbobrz.pl\/index.php?rest_route=\/wp\/v2\/pages\/74\/revisions\/2198"}],"wp:attachment":[{"href":"http:\/\/przedszkole.nowogrodbobrz.pl\/index.php?rest_route=%2Fwp%2Fv2%2Fmedia&parent=74"}],"curies":[{"name":"wp","href":"https:\/\/api.w.org\/{rel}","templated":true}]}}