{"id":431,"date":"2019-05-12T14:06:37","date_gmt":"2019-05-12T12:06:37","guid":{"rendered":"http:\/\/przedszkole.nowogrodbobrz.pl\/?page_id=431"},"modified":"2022-02-04T13:08:03","modified_gmt":"2022-02-04T12:08:03","slug":"informacje-dla-rodzicow","status":"publish","type":"page","link":"http:\/\/przedszkole.nowogrodbobrz.pl\/?page_id=431","title":{"rendered":"Informacje dla rodzic\u00f3w"},"content":{"rendered":"\t\t<div data-elementor-type=\"wp-post\" data-elementor-id=\"431\" class=\"elementor elementor-431\">\n\t\t\t\t\t\t<section class=\"elementor-section elementor-top-section elementor-element elementor-element-c3a2e43 elementor-section-boxed elementor-section-height-default elementor-section-height-default\" data-id=\"c3a2e43\" data-element_type=\"section\" data-e-type=\"section\">\n\t\t\t\t\t\t<div class=\"elementor-container elementor-column-gap-default\">\n\t\t\t\t\t<div class=\"elementor-column elementor-col-100 elementor-top-column elementor-element elementor-element-80a1d74\" data-id=\"80a1d74\" data-element_type=\"column\" data-e-type=\"column\">\n\t\t\t<div class=\"elementor-widget-wrap elementor-element-populated\">\n\t\t\t\t\t\t<div class=\"elementor-element elementor-element-a0a7321 elementor-widget elementor-widget-heading\" data-id=\"a0a7321\" data-element_type=\"widget\" data-e-type=\"widget\" data-widget_type=\"heading.default\">\n\t\t\t\t<div class=\"elementor-widget-container\">\n\t\t\t\t\t<h2 class=\"elementor-heading-title elementor-size-default\">Podstawowe informacje dla rodzic\u00f3w<\/h2>\t\t\t\t<\/div>\n\t\t\t\t<\/div>\n\t\t\t\t\t<\/div>\n\t\t<\/div>\n\t\t\t\t\t<\/div>\n\t\t<\/section>\n\t\t\t\t<section class=\"elementor-section elementor-top-section elementor-element elementor-element-eef670e elementor-section-boxed elementor-section-height-default elementor-section-height-default\" data-id=\"eef670e\" data-element_type=\"section\" data-e-type=\"section\">\n\t\t\t\t\t\t<div class=\"elementor-container elementor-column-gap-default\">\n\t\t\t\t\t<div class=\"elementor-column elementor-col-100 elementor-top-column elementor-element elementor-element-e4dd53f\" data-id=\"e4dd53f\" data-element_type=\"column\" data-e-type=\"column\">\n\t\t\t<div class=\"elementor-widget-wrap elementor-element-populated\">\n\t\t\t\t\t\t<div class=\"elementor-element elementor-element-624ad59 elementor-widget elementor-widget-heading\" data-id=\"624ad59\" data-element_type=\"widget\" data-e-type=\"widget\" data-widget_type=\"heading.default\">\n\t\t\t\t<div class=\"elementor-widget-container\">\n\t\t\t\t\t<h3 class=\"elementor-heading-title elementor-size-default\">Op\u0142aty w przedszkolu<\/h3>\t\t\t\t<\/div>\n\t\t\t\t<\/div>\n\t\t\t\t\t<\/div>\n\t\t<\/div>\n\t\t\t\t\t<\/div>\n\t\t<\/section>\n\t\t\t\t<section class=\"elementor-section elementor-top-section elementor-element elementor-element-3d6b366 elementor-section-boxed elementor-section-height-default elementor-section-height-default\" data-id=\"3d6b366\" data-element_type=\"section\" data-e-type=\"section\">\n\t\t\t\t\t\t<div class=\"elementor-container elementor-column-gap-default\">\n\t\t\t\t\t<div class=\"elementor-column elementor-col-100 elementor-top-column elementor-element elementor-element-13d1871\" data-id=\"13d1871\" data-element_type=\"column\" data-e-type=\"column\">\n\t\t\t<div class=\"elementor-widget-wrap elementor-element-populated\">\n\t\t\t\t\t\t<div class=\"elementor-element elementor-element-79c25ef elementor-widget-divider--view-line elementor-widget elementor-widget-divider\" data-id=\"79c25ef\" data-element_type=\"widget\" data-e-type=\"widget\" data-widget_type=\"divider.default\">\n\t\t\t\t<div class=\"elementor-widget-container\">\n\t\t\t\t\t\t\t<div class=\"elementor-divider\">\n\t\t\t<span class=\"elementor-divider-separator\">\n\t\t\t\t\t\t<\/span>\n\t\t<\/div>\n\t\t\t\t\t\t<\/div>\n\t\t\t\t<\/div>\n\t\t\t\t\t<\/div>\n\t\t<\/div>\n\t\t\t\t\t<\/div>\n\t\t<\/section>\n\t\t\t\t<section class=\"elementor-section elementor-top-section elementor-element elementor-element-525192e elementor-section-boxed elementor-section-height-default elementor-section-height-default\" data-id=\"525192e\" data-element_type=\"section\" data-e-type=\"section\">\n\t\t\t\t\t\t<div class=\"elementor-container elementor-column-gap-default\">\n\t\t\t\t\t<div class=\"elementor-column elementor-col-100 elementor-top-column elementor-element elementor-element-ba11168\" data-id=\"ba11168\" data-element_type=\"column\" data-e-type=\"column\">\n\t\t\t<div class=\"elementor-widget-wrap elementor-element-populated\">\n\t\t\t\t\t\t<div class=\"elementor-element elementor-element-e17f839 elementor-widget elementor-widget-text-editor\" data-id=\"e17f839\" data-element_type=\"widget\" data-e-type=\"widget\" data-widget_type=\"text-editor.default\">\n\t\t\t\t<div class=\"elementor-widget-container\">\n\t\t\t\t\t\t\t\t\t<ol><li>Wy\u017cywienie<ul><li>op\u0142ata za wy\u017cywienie dziecka za trzy posi\u0142ki: <strong>8,00<\/strong> PLN;<\/li><li>op\u0142ata za wy\u017cywienie dziecka za dwa posi\u0142ki: <strong>6,40<\/strong> PLN;<\/li><\/ul><p>w tym:<\/p><ul><li>\u015bniadanie: <strong>2,40<\/strong> PLN;<\/li><li>obiad: <strong>4,00<\/strong> PLN;<\/li><li>podwieczorek: <strong>1,60<\/strong> PLN.<\/li><\/ul><\/li><\/ol>\t\t\t\t\t\t\t\t<\/div>\n\t\t\t\t<\/div>\n\t\t\t\t<div class=\"elementor-element elementor-element-7039402 elementor-widget elementor-widget-text-editor\" data-id=\"7039402\" data-element_type=\"widget\" data-e-type=\"widget\" data-widget_type=\"text-editor.default\">\n\t\t\t\t<div class=\"elementor-widget-container\">\n\t\t\t\t\t\t\t\t\t<ol start=\"2\">\n<li>Czas pobytu dziecka mi\u0119dzy 8.00 a 13.00 jest bezp\u0142atny.<\/li>\n<li>Op\u0142ata jest naliczana za ka\u017cd\u0105 faktycznie rozpocz\u0119t\u0105 godzin\u0119 (w wysoko\u015bci 1 PLN) .<\/li>\n<\/ol>\t\t\t\t\t\t\t\t<\/div>\n\t\t\t\t<\/div>\n\t\t\t\t<div class=\"elementor-element elementor-element-34a3b8e elementor-widget elementor-widget-text-editor\" data-id=\"34a3b8e\" data-element_type=\"widget\" data-e-type=\"widget\" data-widget_type=\"text-editor.default\">\n\t\t\t\t<div class=\"elementor-widget-container\">\n\t\t\t\t\t\t\t\t\t<ol start=\"3\"><li>Dzieci nale\u017cy przyprowadza\u0107 i odbiera\u0107 punktualnie.<br \/>Godzina odbioru dziecka nie mo\u017ce przekroczy\u0107 godziny <strong>16.00<\/strong>.<\/li><li>Wp\u0142at za przedszkole dokonujemy <strong>w terminie do 15 ka\u017cdego miesi\u0105ca<\/strong> (za poprzedni miesi\u0105c).<br \/>Wp\u0142at dokonujemy na poni\u017csze dane, w zale\u017cno\u015bci, do kt\u00f3rego przedszkola ucz\u0119szcza dziecko:<br \/><blockquote><p>Miejsko Gminne Przedszkole Samorz\u0105dowe<br \/><strong>ul. Szkolna 6<\/strong>, 66-010 Nowogr\u00f3d Bobrza\u0144ski<br \/>nr konta: <strong>13 9657 0007 0020 0200 0257 0005<\/strong><\/p><\/blockquote><p>W tytule nale\u017cy poda\u0107 imi\u0119 i nazwisko dziecka, nr plac\u00f3wki, kwot\u0119 za wy\u017cywienie i kwot\u0119 op\u0142aty dodatkowej.<\/p><\/li><\/ol>\t\t\t\t\t\t\t\t<\/div>\n\t\t\t\t<\/div>\n\t\t\t\t\t<\/div>\n\t\t<\/div>\n\t\t\t\t\t<\/div>\n\t\t<\/section>\n\t\t\t\t<\/div>\n\t\t","protected":false},"excerpt":{"rendered":"<p>Podstawowe informacje dla rodzic\u00f3w Op\u0142aty w przedszkolu Wy\u017cywienie op\u0142ata za wy\u017cywienie dziecka za trzy posi\u0142ki: 8,00 PLN; op\u0142ata za wy\u017cywienie dziecka za dwa posi\u0142ki: 6,40 PLN; w tym: \u015bniadanie: 2,40 PLN; obiad: 4,00 PLN; podwieczorek: 1,60 PLN. Czas pobytu dziecka mi\u0119dzy 8.00 a 13.00 jest bezp\u0142atny. Op\u0142ata jest naliczana za ka\u017cd\u0105 faktycznie rozpocz\u0119t\u0105 godzin\u0119 (w [&hellip;]<\/p>\n","protected":false},"author":1,"featured_media":0,"parent":0,"menu_order":0,"comment_status":"closed","ping_status":"closed","template":"","meta":{"footnotes":""},"class_list":["post-431","page","type-page","status-publish","hentry"],"_links":{"self":[{"href":"http:\/\/przedszkole.nowogrodbobrz.pl\/index.php?rest_route=\/wp\/v2\/pages\/431","targetHints":{"allow":["GET"]}}],"collection":[{"href":"http:\/\/przedszkole.nowogrodbobrz.pl\/index.php?rest_route=\/wp\/v2\/pages"}],"about":[{"href":"http:\/\/przedszkole.nowogrodbobrz.pl\/index.php?rest_route=\/wp\/v2\/types\/page"}],"author":[{"embeddable":true,"href":"http:\/\/przedszkole.nowogrodbobrz.pl\/index.php?rest_route=\/wp\/v2\/users\/1"}],"replies":[{"embeddable":true,"href":"http:\/\/przedszkole.nowogrodbobrz.pl\/index.php?rest_route=%2Fwp%2Fv2%2Fcomments&post=431"}],"version-history":[{"count":47,"href":"http:\/\/przedszkole.nowogrodbobrz.pl\/index.php?rest_route=\/wp\/v2\/pages\/431\/revisions"}],"predecessor-version":[{"id":2172,"href":"http:\/\/przedszkole.nowogrodbobrz.pl\/index.php?rest_route=\/wp\/v2\/pages\/431\/revisions\/2172"}],"wp:attachment":[{"href":"http:\/\/przedszkole.nowogrodbobrz.pl\/index.php?rest_route=%2Fwp%2Fv2%2Fmedia&parent=431"}],"curies":[{"name":"wp","href":"https:\/\/api.w.org\/{rel}","templated":true}]}}