{"id":289,"date":"2019-04-16T21:03:56","date_gmt":"2019-04-16T19:03:56","guid":{"rendered":"http:\/\/przedszkole.nowogrodbobrz.pl\/?page_id=289"},"modified":"2019-04-16T21:28:11","modified_gmt":"2019-04-16T19:28:11","slug":"polityka-prywatnosci-2","status":"publish","type":"page","link":"http:\/\/przedszkole.nowogrodbobrz.pl\/?page_id=289","title":{"rendered":"Polityka prywatno\u015bci"},"content":{"rendered":"\t\t<div data-elementor-type=\"wp-post\" data-elementor-id=\"289\" class=\"elementor elementor-289\">\n\t\t\t\t\t\t<section class=\"elementor-section elementor-top-section elementor-element elementor-element-4555cecb elementor-section-boxed elementor-section-height-default elementor-section-height-default\" data-id=\"4555cecb\" data-element_type=\"section\" data-e-type=\"section\">\n\t\t\t\t\t\t<div class=\"elementor-container elementor-column-gap-default\">\n\t\t\t\t\t<div class=\"elementor-column elementor-col-100 elementor-top-column elementor-element elementor-element-6c89f169\" data-id=\"6c89f169\" data-element_type=\"column\" data-e-type=\"column\">\n\t\t\t<div class=\"elementor-widget-wrap elementor-element-populated\">\n\t\t\t\t\t\t<div class=\"elementor-element elementor-element-72db2e6d elementor-widget elementor-widget-text-editor\" data-id=\"72db2e6d\" data-element_type=\"widget\" data-e-type=\"widget\" data-widget_type=\"text-editor.default\">\n\t\t\t\t<div class=\"elementor-widget-container\">\n\t\t\t\t\t\t\t\t\t\n<h2 class=\"wp-block-heading\"><\/h2>\n\t\t\t\t\t\t\t\t<\/div>\n\t\t\t\t<\/div>\n\t\t\t\t\t<\/div>\n\t\t<\/div>\n\t\t\t\t\t<\/div>\n\t\t<\/section>\n\t\t\t\t<section class=\"elementor-section elementor-top-section elementor-element elementor-element-79ce3f0 elementor-section-boxed elementor-section-height-default elementor-section-height-default\" data-id=\"79ce3f0\" data-element_type=\"section\" data-e-type=\"section\">\n\t\t\t\t\t\t<div class=\"elementor-container elementor-column-gap-default\">\n\t\t\t\t\t<div class=\"elementor-column elementor-col-100 elementor-top-column elementor-element elementor-element-bccd285\" data-id=\"bccd285\" data-element_type=\"column\" data-e-type=\"column\">\n\t\t\t<div class=\"elementor-widget-wrap elementor-element-populated\">\n\t\t\t\t\t\t<div class=\"elementor-element elementor-element-a965640 elementor-widget elementor-widget-heading\" data-id=\"a965640\" data-element_type=\"widget\" data-e-type=\"widget\" data-widget_type=\"heading.default\">\n\t\t\t\t<div class=\"elementor-widget-container\">\n\t\t\t\t\t<h2 class=\"elementor-heading-title elementor-size-default\">POLITYKA PRYWATNO\u015aCI<\/h2>\t\t\t\t<\/div>\n\t\t\t\t<\/div>\n\t\t\t\t\t<\/div>\n\t\t<\/div>\n\t\t\t\t\t<\/div>\n\t\t<\/section>\n\t\t\t\t<section class=\"elementor-section elementor-top-section elementor-element elementor-element-bfbbc96 elementor-section-boxed elementor-section-height-default elementor-section-height-default\" data-id=\"bfbbc96\" data-element_type=\"section\" data-e-type=\"section\">\n\t\t\t\t\t\t<div class=\"elementor-container elementor-column-gap-default\">\n\t\t\t\t\t<div class=\"elementor-column elementor-col-100 elementor-top-column elementor-element elementor-element-0a82fd7\" data-id=\"0a82fd7\" data-element_type=\"column\" data-e-type=\"column\">\n\t\t\t<div class=\"elementor-widget-wrap elementor-element-populated\">\n\t\t\t\t\t\t<div class=\"elementor-element elementor-element-73e2fd6 elementor-widget elementor-widget-text-editor\" data-id=\"73e2fd6\" data-element_type=\"widget\" data-e-type=\"widget\" data-widget_type=\"text-editor.default\">\n\t\t\t\t<div class=\"elementor-widget-container\">\n\t\t\t\t\t\t\t\t\t<p>W trosce o bezpiecze\u0144stwo zbieranych danych przez serwis www opracowali\u015bmy wewn\u0119trzne procedury i zalecenia, kt\u00f3re maj\u0105 zapobiec udost\u0119pnieniu danych osobom nieupowa\u017cnionym.<\/p>\nI. POSTANOWIENIA OG\u00d3LNE\n<ol>\n<li>Administratorem danych osobowych przetwarzanych za po\u015brednictwem strony internetowej http:\/\/przedszkole.nowogrdobobrz.pl\/ jest Dyrektor Miejsko Gminnego Przedszkola Samorz\u0105dowego w Nowogrodzie Bobrza\u0144skim z siedzib\u0105 przy ul. Szkolnej 6, 66-010 Nowogr\u00f3d Bobrza\u0144ski, adres poczty elektronicznej: przedszkole@nowogrodbobrz.pl zwanym dalej \u201eAdministratorem\u201d, b\u0119d\u0105c jednocze\u015bnie Us\u0142ugodawc\u0105.<\/li>\n<li>W przypadku jakichkolwiek w\u0105tpliwo\u015bci jak r\u00f3wnie\u017c z wnioskami dotycz\u0105cymi woli skorzystania z przys\u0142uguj\u0105cych Pa\u0144stwu praw, prosimy o kontakt z naszym Inspektorem Ochrony Danych Osobowych (IOD) na adres email: iod@nowogrodbobrz.pl<\/li>\n<li>Pa\u0144stwa dane osobowe s\u0105 przetwarzane zgodnie z ustaw\u0105 o \u015bwiadczeniu us\u0142ug drog\u0105 elektroniczn\u0105 z dnia 18 lipca 2002 r. (Dz. U. 2019.0.123 ze zm.), aktualn\u0105 ustaw\u0105 o ochronie danych osobowych z dnia 10 maja 2018 r. (Dz. U. 2018, poz. 1000).<\/li>\n<li>Pa\u0144stwa dane osobowe s\u0105 r\u00f3wnie\u017c przetwarzane zgodnie z Rozporz\u0105dzeniem Parlamentu Europejskiego i Rady (UE) 2016\/679 z dnia 27 kwietnia 2016 r. w sprawie ochrony os\u00f3b fizycznych w zwi\u0105zku z przetwarzaniem danych osobowych i w sprawie swobodnego przep\u0142ywu takich danych oraz uchylenia dyrektywy 95\/46\/WE (RODO).<\/li>\n<li>Dane nie b\u0119d\u0105 wykorzystywane w \u017cadnym innym celu, ni\u017c wynika to z celu funkcjonowania serwisu. <br>Serwis realizuje funkcje pozyskiwania informacji o u\u017cytkownikach i ich zachowaniu w nast\u0119puj\u0105cy spos\u00f3b:<br>a) poprzez dobrowolnie wprowadzone w formularzach informacje. Dane podane w formularzu s\u0105 przetwarzane w celu wynikaj\u0105cym z funkcji konkretnego formularza np. w celu dokonania procesu obs\u0142ugi kontaktu informacyjnego.<br>b) poprzez gromadzenie plik\u00f3w \u201ccookies\u201d.<\/li>\n<li>Dok\u0142adamy szczeg\u00f3lnej staranno\u015bci w celu ochrony interes\u00f3w os\u00f3b, kt\u00f3rych dane dotycz\u0105, a w szczeg\u00f3lno\u015bci zapewnia, \u017ce zbierane przez niego dane s\u0105:<\/li>\n<ul>\n<li>przetwarzane zgodnie z prawem,<\/li>\n<li>zbierane dla oznaczonych, zgodnych z prawem cel\u00f3w i niepoddawane dalszemu przetwarzaniu niezgodnemu z tymi celami,<\/li>\n<li>merytorycznie poprawne i adekwatne w stosunku do cel\u00f3w, w jakich s\u0105 przetwarzane oraz przechowywane w postaci umo\u017cliwiaj\u0105cej identyfikacj\u0119 os\u00f3b, kt\u00f3rych dotycz\u0105, nie d\u0142u\u017cej ni\u017c jest to niezb\u0119dne do osi\u0105gni\u0119cia celu przetwarzania.<\/li>\n<\/ul>\n<li>Do danych zawartych w formularzu przys\u0142uguje wgl\u0105d osobie fizycznej, kt\u00f3ra je tam umie\u015bci\u0142a. Osoba ta ma r\u00f3wnie\u017c prawo do modyfikacji i zaprzestania przetwarzania swoich danych w dowolnym momencie.<\/li>\n<\/ol>\n<p>II. CEL I ZAKRES ZBIERANIA DANYCH ORAZ PODSTAWA PRAWNA TYCH DZIA\u0141A\u0143<\/p>\n<ol>\n<li>Pa\u0144stwa dane osobowe nie s\u0105 gromadzone i przetwarzane za pomoc\u0105 strony internetowej http:\/przedszkole.nowogr\u00f3dbobrz.pl\/<\/li>\n<li>Strona internetowa pe\u0142ni funkcj\u0119 informacyjn\u0105, silnik bazy danych nie zawiera \u017cadnych mechanizm\u00f3w zbieraj\u0105cych dane o u\u017cytkowniku strony.<\/li>\n<li>Nie jeste\u015bcie Pa\u0144stwo profilowani, co oznacza, \u017ce Pa\u0144stwa dane nie s\u0105 przetwarzane w zautomatyzowany spos\u00f3b w celu okre\u015blenia Pa\u0144stwa potrzeb ani cech osobowo\u015bciowych. Nie zbieramy o Pa\u0144stwu dodatkowych informacji z innych \u017ar\u00f3de\u0142.<\/li>\n<li>Nie sprzedajemy danych osobowych, nie udost\u0119pniamy ich innym podmiotom. W szczeg\u00f3lno\u015bci Pa\u0144stwa dane nie s\u0105 przesy\u0142ane poza granice Europejskiego Obszaru Gospodarczego ani nie s\u0105 przekazywane organizacjom mi\u0119dzynarodowym.<\/li>\n<\/ol>\nIII. PRZECHOWYWANIE I USUWANIE DANYCH\n<ol>\n<li>Dane osobowe pozostawione w serwisie nie zostan\u0105 sprzedane ani udost\u0119pnione nieuprawnionym podmiotom i osobom trzecim, zgodnie z przepisami ochrony danych osobowych.<\/li>\n<li>Wszystkie pytania odno\u015bnie przetwarzania danych prosimy kierowa\u0107 do naszego Inspektora Ochrony Danych Osobowych (IOD) na adres email: iod@nowogrodbobrz.pl<\/li>\n<\/ol>\nIV. PLIKI \u201eCOOKIES\u201d\n<ol>\n<li>Strona internetowa Us\u0142ugodawcy u\u017cywa plik\u00f3w \u201ecookies\u201d. Brak zmiany po stronie Us\u0142ugobiorcy ustawie\u0144 przegl\u0105darki jest r\u00f3wnoznaczny z wyra\u017ceniem zgody na ich u\u017cycie.<\/li>\n<li>Instalacja plik\u00f3w \u201ecookies\u201d jest konieczna do prawid\u0142owego \u015bwiadczenia us\u0142ug na stronie internetowej. W plikach \u201ecookies\u201d znajduj\u0105 si\u0119 informacje niezb\u0119dne do prawid\u0142owego funkcjonowania strony internetowej, w szczeg\u00f3lno\u015bci tych wymagaj\u0105cych autoryzacji.<\/li>\n<li>U\u017cytkownik ma prawo zadecydowania w zakresie dost\u0119pu plik\u00f3w \u201ecookies\u201d do swojego komputera poprzez ich uprzedni wyb\u00f3r w oknie swojej przegl\u0105darki. Szczeg\u00f3\u0142owe informacje o mo\u017cliwo\u015bci i sposobach obs\u0142ugi plik\u00f3w \u201ecookies\u201d dost\u0119pne s\u0105 w ustawieniach oprogramowania (przegl\u0105darki internetowej).<\/li>\n<\/ol>\n<p><em>Zastrzegamy sobie prawo do zmiany w polityce ochrony prywatno\u015bci serwisu, na kt\u00f3re mo\u017ce wp\u0142yn\u0105\u0107 rozw\u00f3j technologii internetowej, ewentualne zmiany prawa w zakresie ochrony danych osobowych oraz rozw\u00f3j naszego serwisu internetowego. O wszelkich zmianach b\u0119dziemy informowa\u0107 w spos\u00f3b widoczny i zrozumia\u0142y.<\/em><\/p>\n<p><em>W Serwisie mog\u0105 pojawia\u0107 si\u0119 linki do innych stron internetowych. Takie strony internetowe dzia\u0142aj\u0105 niezale\u017cnie od Serwisu i nie s\u0105 w \u017caden spos\u00f3b nadzorowane przez nasz serwis. Strony te mog\u0105 posiada\u0107 w\u0142asne polityki dotycz\u0105ce prywatno\u015bci oraz regulaminy, z kt\u00f3rymi zalecamy si\u0119 zapozna\u0107.<\/em><\/p>\t\t\t\t\t\t\t\t<\/div>\n\t\t\t\t<\/div>\n\t\t\t\t\t<\/div>\n\t\t<\/div>\n\t\t\t\t\t<\/div>\n\t\t<\/section>\n\t\t\t\t<\/div>\n\t\t","protected":false},"excerpt":{"rendered":"<p>POLITYKA PRYWATNO\u015aCI W trosce o bezpiecze\u0144stwo zbieranych danych przez serwis www opracowali\u015bmy wewn\u0119trzne procedury i zalecenia, kt\u00f3re maj\u0105 zapobiec udost\u0119pnieniu danych osobom nieupowa\u017cnionym. I. POSTANOWIENIA OG\u00d3LNE Administratorem danych osobowych przetwarzanych za po\u015brednictwem strony internetowej http:\/\/przedszkole.nowogrdobobrz.pl\/ jest Dyrektor Miejsko Gminnego Przedszkola Samorz\u0105dowego w Nowogrodzie Bobrza\u0144skim z siedzib\u0105 przy ul. Szkolnej 6, 66-010 Nowogr\u00f3d Bobrza\u0144ski, adres poczty [&hellip;]<\/p>\n","protected":false},"author":1,"featured_media":0,"parent":0,"menu_order":0,"comment_status":"closed","ping_status":"closed","template":"","meta":{"footnotes":""},"class_list":["post-289","page","type-page","status-publish","hentry"],"_links":{"self":[{"href":"http:\/\/przedszkole.nowogrodbobrz.pl\/index.php?rest_route=\/wp\/v2\/pages\/289","targetHints":{"allow":["GET"]}}],"collection":[{"href":"http:\/\/przedszkole.nowogrodbobrz.pl\/index.php?rest_route=\/wp\/v2\/pages"}],"about":[{"href":"http:\/\/przedszkole.nowogrodbobrz.pl\/index.php?rest_route=\/wp\/v2\/types\/page"}],"author":[{"embeddable":true,"href":"http:\/\/przedszkole.nowogrodbobrz.pl\/index.php?rest_route=\/wp\/v2\/users\/1"}],"replies":[{"embeddable":true,"href":"http:\/\/przedszkole.nowogrodbobrz.pl\/index.php?rest_route=%2Fwp%2Fv2%2Fcomments&post=289"}],"version-history":[{"count":3,"href":"http:\/\/przedszkole.nowogrodbobrz.pl\/index.php?rest_route=\/wp\/v2\/pages\/289\/revisions"}],"predecessor-version":[{"id":293,"href":"http:\/\/przedszkole.nowogrodbobrz.pl\/index.php?rest_route=\/wp\/v2\/pages\/289\/revisions\/293"}],"wp:attachment":[{"href":"http:\/\/przedszkole.nowogrodbobrz.pl\/index.php?rest_route=%2Fwp%2Fv2%2Fmedia&parent=289"}],"curies":[{"name":"wp","href":"https:\/\/api.w.org\/{rel}","templated":true}]}}