{"id":1837,"date":"2021-02-14T12:59:06","date_gmt":"2021-02-14T11:59:06","guid":{"rendered":"http:\/\/przedszkole.nowogrodbobrz.pl\/?page_id=1837"},"modified":"2026-04-08T10:48:33","modified_gmt":"2026-04-08T08:48:33","slug":"deklaracja-dostepnosci","status":"publish","type":"page","link":"http:\/\/przedszkole.nowogrodbobrz.pl\/?page_id=1837","title":{"rendered":"Deklaracja dost\u0119pno\u015bci"},"content":{"rendered":"<h1>Deklaracja dost\u0119pno\u015bci<\/h1>\n<section id=\"a11y-wstep\"><span id=\"a11y-podmiot\">Miejsko Gminne Przedszkole Samorz\u0105dowe w Nowogrodzie Bobrza\u0144skim<\/span> zobowi\u0105zuje si\u0119 zapewni\u0107 dost\u0119pno\u015b\u0107 swojej <span id=\"a11y-zakres\">strony internetowej<\/span> zgodnie z ustaw\u0105 z dnia 4 kwietnia 2019 r. o dost\u0119pno\u015bci cyfrowej stron internetowych i aplikacji mobilnych podmiot\u00f3w publicznych.<\/p>\n<p>Deklaracja dost\u0119pno\u015bci dotyczy strony <a id=\"a11y-url\" href=\"http:\/\/przedszkole.nowogrodbobrz.pl\/\" target=\"_blank\" rel=\"noopener\">http:\/\/przedszkole.nowogrodbobrz.pl\/<\/a>.<\/p>\n<\/section>\n<section>\n<ul>\n<li>Data publikacji strony internetowej: <time id=\"a11y-data-publikacja\" datetime=\"2019-03-25\">25 marca 2019 r.<\/time><\/li>\n<li>Data ostatniej istotnej aktualizacji: <time id=\"a11y-data-aktualizacja\" datetime=\"2020-06-23\">25 marca 2019 r.<\/time><\/li>\n<\/ul>\n<\/section>\n<section>\n<h2>Stan dost\u0119pno\u015bci cyfrowej<\/h2>\n<p id=\"a11y-status\">Ta strona internetowa jest cz\u0119\u015bciowo zgodna z za\u0142\u0105cznikiem do ustawy o dost\u0119pno\u015bci cyfrowej z dnia 4 kwietnia 2019 r. o dost\u0119pno\u015bci cyfrowej stron internetowych i aplikacji mobilnych podmiot\u00f3w publicznych z powodu [niezgodno\u015bci i wy\u0142\u0105cze\u0144] wymienionych poni\u017cej.<\/p>\n<\/section>\n<section>\n<h2>Niedost\u0119pne tre\u015bci<\/h2>\n<section>\n<h3>Niezgodno\u015b\u0107 z za\u0142\u0105cznikiem<\/h3>\n<ul>\n<li>Cz\u0119\u015b\u0107 dokument\u00f3w PDF zosta\u0142a opublikowana bez warstwy tekstowej.<\/li>\n<li>Nie posiadaj\u0105 opis\u00f3w zdj\u0119\u0107, tekstu alternatywnego dla czytnik\u00f3w obs\u0142ugiwanych przez osoby ze specjalnymi potrzebami.<\/li>\n<li>Niekt\u00f3re dokumenty opublikowane zosta\u0142y w oparciu o zasady przyj\u0119te w instytucji, kt\u00f3ra jest autorem i dysponentem informacji.<\/li>\n<\/ul>\n<\/section>\n<\/section>\n<section>\n<h2>Przygotowanie deklaracji dost\u0119pno\u015bci<\/h2>\n<ul>\n<li>Data sporz\u0105dzenia deklaracji: <time id=\"a11y-data-sporzadzenie\" datetime=\"2022-03-20\">20 marca 2022 r.<\/time><\/li>\n<li>Data ostatniego przegl\u0105du deklaracji: <time id=\"a11y-data-przeglad\" datetime=\"2025-03-28\">27 marca 2026 r.<\/time><\/li>\n<\/ul>\n<p>Deklaracj\u0119 sporz\u0105dzili\u015bmy na podstawie samooceny<\/p>\n<\/section>\n<section>\n<h2>Informacje zwrotne i dane kontaktowe<\/h2>\n<p>Wszystkie problemy z dost\u0119pno\u015bci\u0105 cyfrow\u0105 tej strony internetowej mo\u017cesz zg\u0142osi\u0107 do <span id=\"a11y-kontakt\">Marzena Sawicz<\/span> &#8211; mejlowo <a id=\"a11y-email\" href=\"mailto:przedszkole@nowogrodbobrz.pl\">przedszkole@nowogrodbobrz.pl<\/a> lub telefonicznie <a id=\"a11y-telefon\" href=\"tel:699955102\">699 955 102<\/a>.<\/p>\n<p>Ka\u017cdy ma prawo wyst\u0105pi\u0107 z \u017c\u0105daniem zapewnienia dost\u0119pno\u015bci cyfrowej tej strony internetowej lub jej element\u00f3w.<\/p>\n<p>Zg\u0142aszaj\u0105c takie \u017c\u0105danie podaj:<\/p>\n<ul>\n<li>swoje imi\u0119 i nazwisko,<\/li>\n<li>swoje dane kontaktowe (np. numer telefonu, e-mail),<\/li>\n<li>dok\u0142adny adres strony internetowej, na kt\u00f3rej jest niedost\u0119pny cyfrowo element lub tre\u015b\u0107,<\/li>\n<li>opis na czym polega problem i jaki spos\u00f3b jego rozwi\u0105zania by\u0142by dla Ciebie najwygodniejszy.<\/li>\n<\/ul>\n<p>Na Twoje zg\u0142oszenie odpowiemy najszybciej jak to mo\u017cliwe, nie p\u00f3\u017aniej ni\u017c w ci\u0105gu 7 dni od jego otrzymania.<\/p>\n<p>Je\u017celi ten termin b\u0119dzie dla nas zbyt kr\u00f3tki poinformujemy Ci\u0119 o tym. W tej informacji podamy nowy termin, do kt\u00f3rego poprawimy zg\u0142oszone przez Ciebie b\u0142\u0119dy lub przygotujemy informacje w alternatywny spos\u00f3b. Ten nowy termin nie b\u0119dzie d\u0142u\u017cszy ni\u017c 2 miesi\u0105ce.<\/p>\n<p>Je\u017celi nie b\u0119dziemy w stanie zapewni\u0107 dost\u0119pno\u015bci cyfrowej strony internetowej lub tre\u015bci, wskazanej w Twoim \u017c\u0105daniu, zaproponujemy Ci dost\u0119p do nich w alternatywny spos\u00f3b.<\/p>\n<\/section>\n<section id=\"a11y-procedura\">\n<h2>Obs\u0142uga wniosk\u00f3w i skarg zwi\u0105zanych z dost\u0119pno\u015bci\u0105<\/h2>\n<p>Je\u017celi w odpowiedzi na Tw\u00f3j wniosek o zapewnienie dost\u0119pno\u015bci cyfrowej, odm\u00f3wimy zapewnienia \u017c\u0105danej przez Ciebie dost\u0119pno\u015bci cyfrowej, a Ty nie zgadzasz si\u0119 z t\u0105 odmow\u0105, masz prawo z\u0142o\u017cy\u0107 skarg\u0119.<\/p>\n<p>Skarg\u0119 masz prawo z\u0142o\u017cy\u0107 tak\u017ce, je\u015bli nie zgadzasz si\u0119 na skorzystanie z alternatywnego sposobu dost\u0119pu, kt\u00f3ry zaproponowali\u015bmy Ci w odpowiedzi na Tw\u00f3j wniosek o zapewnienie dost\u0119pno\u015bci cyfrowej.<\/p>\n<p>Ewentualn\u0105 skarg\u0119 z\u0142\u00f3\u017c listownie lub mailem do kierownictwa naszego urz\u0119du:<\/p>\n<ul>\n<li><span id=\"a11y-procedura-kierownik\">Dyrektor Przedszkola : Agnieszka Lech<\/span>,<\/li>\n<li>Adres: <span id=\"a11y-procedura-adres\">ul. Szkolna 6, 66-010 Nowogr\u00f3d Bobrza\u0144ski<\/span>,<\/li>\n<li>mejl: <a id=\"a11y-procedura-email\" href=\"mailto:przedszkole@nowogrodbobrz.pl\">przedszkole@nowogrodbobrz.pl<\/a>.<\/li>\n<\/ul>\n<p><a href=\"https:\/\/www.gov.pl\/web\/gov\/zloz-wniosek-o-zapewnienie-dostepnosci-cyfrowej-strony-internetowej-lub-aplikacji-mobilnej\">Pomocne mog\u0105 by\u0107 informacje, kt\u00f3re mo\u017cna znale\u017a\u0107 na rz\u0105dowym portalu gov.pl<\/a>.<\/p>\n<p>Mo\u017cesz tak\u017ce poinformowa\u0107 o tej sytuacji <a href=\"https:\/\/bip.brpo.gov.pl\/\">Rzecznika Praw Obywatelskich<\/a> i poprosi\u0107 o interwencj\u0119 w Twojej sprawie.<\/p>\n<\/section>\n<section>\n<h2>Pozosta\u0142e informacje<\/h2>\n<section id=\"a11y-architektura\">\n<h3>Dost\u0119pno\u015b\u0107 architektoniczna<\/h3>\n<section>\n<h4>Miejsko Gminne Przedszkole Samorz\u0105dowe w Nowogrodzie Bobrza\u0144skim zlokalizowane jest w dw\u00f3ch cz\u0119\u015bciach miasta, w dw\u00f3ch lokalizacjach<\/h4>\n<address>\n<div>G\u0142\u00f3wny adres &#8211; ul. Szkolna 6, 66-010 Nowogr\u00f3d Bobrza\u0144ski to lokalizacja przedszkola nr 1, a druga lokalizacja &#8211; ul. Ko\u015bciuszki 42<\/div>\n<div>66-010 Nowogr\u00f3d Bobrza\u0144ski<\/div>\n<\/address>\n<section>\n<h5>Parking<\/h5>\n<ul>\n<li>Mo\u017cesz skorzysta\u0107 z miejsca parkingowego. Na parkingu wyznaczyli\u015bmy 1 miejsc przeznaczonych dla os\u00f3b niepe\u0142nosprawnych. Pami\u0119taj o zabraniu karty parkingowej i umieszczeniu jej za szyb\u0105.<\/li>\n<li>Parking jest bezp\u0142atny.<\/li>\n<\/ul>\n<\/section>\n<section>\n<h5>Wej\u015bcie do budynku<\/h5>\n<ul>\n<li>Do wej\u015bcia prowadz\u0105 schody.<\/li>\n<li>Przy schodach znajduje si\u0119 por\u0119cz.<\/li>\n<li>Do wej\u015bcia doprowadzona jest sta\u0142a pochylnia o nachyleniu 8%.<\/li>\n<li>Drzwi musisz otworzy\u0107 r\u0119cznie.<\/li>\n<li>Otwieraj\u0105 si\u0119 na zewn\u0105trz.<\/li>\n<li>Otworzenie drzwi nie wymaga du\u017cej si\u0142y.<\/li>\n<li>Skorzystaj z dzwonka przy drzwiach.<\/li>\n<\/ul>\n<\/section>\n<section>\n<h5>Ci\u0105gi poziome<\/h5>\n<ul>\n<li>Pomieszczenia znajduj\u0105 si\u0119 na 2 kondygnacjach.<\/li>\n<li>Cz\u0119\u015b\u0107 korytarzy nie jest dost\u0119pna dla os\u00f3b poruszaj\u0105cych si\u0119 na w\u00f3zkach.<\/li>\n<\/ul>\n<\/section>\n<section>\n<h5>Pomieszczenia<\/h5>\n<ul>\n<li>Oko\u0142o % pomieszcze\u0144 jest dost\u0119pnych dla os\u00f3b na w\u00f3zkach.<\/li>\n<\/ul>\n<\/section>\n<section>\n<h5>\u0141azienka<\/h5>\n<ul>\n<li>W budynku jest toaleta dost\u0119pna dla os\u00f3b z niepe\u0142nosprawno\u015bci\u0105.<\/li>\n<\/ul>\n<\/section>\n<\/section>\n<\/section>\n<section id=\"a11y-komunikacja\">\n<h3>Dost\u0119pno\u015b\u0107 komunikacyjno-informacyjna<\/h3>\n<ul>\n<li>Jak wnioskowa\u0107 o t\u0142umacza polskiego j\u0119zyka migowego: brak<\/li>\n<li>Informacja o naszej dzia\u0142alno\u015bci w j\u0119zyku migowym (PJM): brak<\/li>\n<\/ul>\n<\/section>\n<\/section>\n","protected":false},"excerpt":{"rendered":"<p>Deklaracja dost\u0119pno\u015bci Miejsko Gminne Przedszkole Samorz\u0105dowe w Nowogrodzie Bobrza\u0144skim zobowi\u0105zuje si\u0119 zapewni\u0107 dost\u0119pno\u015b\u0107 swojej strony internetowej zgodnie z ustaw\u0105 z dnia 4 kwietnia 2019 r. o dost\u0119pno\u015bci cyfrowej stron internetowych i aplikacji mobilnych podmiot\u00f3w publicznych. Deklaracja dost\u0119pno\u015bci dotyczy strony http:\/\/przedszkole.nowogrodbobrz.pl\/. Data publikacji strony internetowej: 25 marca 2019 r. Data ostatniej istotnej aktualizacji: 25 marca 2019 [&hellip;]<\/p>\n","protected":false},"author":1,"featured_media":0,"parent":0,"menu_order":0,"comment_status":"closed","ping_status":"closed","template":"","meta":{"footnotes":""},"class_list":["post-1837","page","type-page","status-publish","hentry"],"_links":{"self":[{"href":"http:\/\/przedszkole.nowogrodbobrz.pl\/index.php?rest_route=\/wp\/v2\/pages\/1837","targetHints":{"allow":["GET"]}}],"collection":[{"href":"http:\/\/przedszkole.nowogrodbobrz.pl\/index.php?rest_route=\/wp\/v2\/pages"}],"about":[{"href":"http:\/\/przedszkole.nowogrodbobrz.pl\/index.php?rest_route=\/wp\/v2\/types\/page"}],"author":[{"embeddable":true,"href":"http:\/\/przedszkole.nowogrodbobrz.pl\/index.php?rest_route=\/wp\/v2\/users\/1"}],"replies":[{"embeddable":true,"href":"http:\/\/przedszkole.nowogrodbobrz.pl\/index.php?rest_route=%2Fwp%2Fv2%2Fcomments&post=1837"}],"version-history":[{"count":18,"href":"http:\/\/przedszkole.nowogrodbobrz.pl\/index.php?rest_route=\/wp\/v2\/pages\/1837\/revisions"}],"predecessor-version":[{"id":2749,"href":"http:\/\/przedszkole.nowogrodbobrz.pl\/index.php?rest_route=\/wp\/v2\/pages\/1837\/revisions\/2749"}],"wp:attachment":[{"href":"http:\/\/przedszkole.nowogrodbobrz.pl\/index.php?rest_route=%2Fwp%2Fv2%2Fmedia&parent=1837"}],"curies":[{"name":"wp","href":"https:\/\/api.w.org\/{rel}","templated":true}]}}